{"id":11435,"date":"2021-03-16T09:55:19","date_gmt":"2021-03-16T08:55:19","guid":{"rendered":"http:\/\/www.sp1.imielin.pl\/?page_id=11435"},"modified":"2021-03-16T09:55:19","modified_gmt":"2021-03-16T08:55:19","slug":"epuap","status":"publish","type":"page","link":"https:\/\/sp1.imielin.pl\/index.php\/epuap\/","title":{"rendered":"ePUAP"},"content":{"rendered":"<ul>\n<li><strong>Podmioty realizuj\u0105ce zadania publiczne obowi\u0105zane s\u0105 posiada\u0107 elektroniczn\u0105 skrzynk\u0119 podawcz\u0105.<\/strong><\/li>\n<\/ul>\n<p>Elektroniczna skrzynka podawcza pozwala na dor\u0119czanie do instytucji pism podpisanych bezpiecznym podpisem elektronicznym w spos\u00f3b zapewniaj\u0105cy otrzymanie urz\u0119dowego po\u015bwiadczenia przed\u0142o\u017cenia (UPP).<\/p>\n<p>UPP jest dowodem dor\u0119czenia pisma, a widniej\u0105ca na nim data stanowi dat\u0119 dor\u0119czenia.<\/p>\n<p>&nbsp;<\/p>\n<ul>\n<li><strong>Dostarczenie do Szko\u0142y Podstawowej Nr 1 im. Powsta\u0144c\u00f3w \u015al\u0105skich w Imielinie dokumentu elektronicznego<\/strong><\/li>\n<\/ul>\n<p>W celu dostarczenia do Szko\u0142y Podstawowej Nr 1 im. Powsta\u0144c\u00f3w \u015al\u0105skich w Imielinie\u00a0 dokumentu elektronicznego nale\u017cy zarejestrowa\u0107 si\u0119 na elektronicznej platformie us\u0142ug administracji publicznej (ePUAP) pod adresem\u00a0<a href=\"http:\/\/www.epuap.gov.pl\/\">epuap.gov.pl<\/a>.<\/p>\n<p><a href=\"http:\/\/epuap.gov.pl\/wps\/wcm\/connect\/d177428042b1a9ff9c4efc7193544100\/Instrukcja_zak%C5%82adania_konta_8.1.pdf?MOD=AJPERES&amp;CACHEID=d177428042b1a9ff9c4efc7193544100&amp;CACHEID=d177428042b1a9ff9c4efc7193544100&amp;CACHEID=d177428042b1a9ff9c4efc7193544100&amp;CACHEID=d177428042b1a9ff9c4efc7193544100&amp;CACHEID=d177428042b1a9ff9c4efc7193544100&amp;CACHEID=d177428042b1a9ff9c4efc7193544100&amp;CACHEID=d177428042b1a9ff9c4efc7193544100&amp;CACHEID=d177428042b1a9ff9c4efc7193544100&amp;CACHEID=d177428042b1a9ff9c4efc7193544100\">Dok\u0142adna instrukcja zak\u0142adania konta<\/a>. Porady praktyczne (wraz ze zrzutami ekranowymi), jak za\u0142o\u017cy\u0107 konto, zaczynaj\u0105 si\u0119 od strony 5. ww. instrukcji.<\/p>\n<p><strong>Po za\u0142o\u017ceniu konta i zalogowaniu si\u0119 na ePUAP u\u017cytkownik ma dost\u0119p do elektronicznej skrzynki podawczej Szko\u0142y Podstawowej Nr 1 im. Powsta\u0144c\u00f3w \u015al\u0105skich w Imielinie Wystarczy klikn\u0105\u0107 w link:<\/strong><\/p>\n<p><a href=\"https:\/\/epuap.gov.pl\/wps\/portal\/strefa-klienta\/katalog-spraw\/profil-urzedu\/SPNr1Imielin\">https:\/\/epuap.gov.pl\/wps\/portal\/strefa-klienta\/katalog-spraw\/profil-urzedu\/SPNr1Imielin<\/a><\/p>\n<p>&nbsp;<\/p>\n<p>Za jego pomoc\u0105 za\u0142atwi\u0105 Pa\u0144stwo ka\u017cd\u0105 spraw\u0119 nale\u017c\u0105c\u0105 do kompetencji Szko\u0142y Podstawowej Nr 1 im. Powsta\u0144c\u00f3w \u015al\u0105skich w Imielinie. Do formularza mo\u017cna dodawa\u0107 za\u0142\u0105czniki o nast\u0119puj\u0105cych rozszerzeniach: .doc, .docx, .gif, .jpg (.jpeg), .ods, .odt, .pdf, .png, .rtf, .svg, .tif(.tiff), .txt, .xls, .xlsx, .xml. Maksymalny rozmiar dokumentu elektronicznego to 5 megabajt\u00f3w.<\/p>\n<p>Pliki zawieraj\u0105ce szkodliwe oprogramowanie b\u0119d\u0105 automatycznie usuwane.<\/p>\n<p>Odno\u015bnie spraw za\u0142atwianych w trybie post\u0119powania administracyjnego konieczne jest podanie imienia, nazwiska, adresu osoby wnosz\u0105cej pismo oraz jej podpisu. Elektroniczna skrzynka podawcza obs\u0142uguje zar\u00f3wno bezpieczny kwalifikowany podpis elektroniczny jak i jego darmowy odpowiednik, czyli profil zaufany ePUAP.<\/p>\n<ul>\n<li><strong>Profil zaufany ePUAP<\/strong><\/li>\n<\/ul>\n<p>Profil zaufany ePUAP ka\u017cda (pe\u0142noletnia) osoba zak\u0142ada r\u00f3wnie\u017c za po\u015brednictwem platformy\u00a0<a href=\"http:\/\/www.epuap.gov.pl\/\">epuap.gov.pl<\/a>.<\/p>\n<p><a href=\"http:\/\/epuap.gov.pl\/wps\/wcm\/connect\/ec94450046be87388dcbcf14b99a5a65\/Instrukcja+u%C5%BCytkownika+PZ_7.4.pdf?MOD=AJPERES&amp;CACHEID=ec94450046be87388dcbcf14b99a5a65&amp;CACHEID=ec94450046be87388dcbcf14b99a5a65&amp;CACHEID=ec94450046be87388dcbcf14b99a5a65&amp;CACHEID=ec94450046be87388dcbcf14b99a5a65&amp;CACHEID=ec94450046be87388dcbcf14b99a5a65\">Dok\u0142adna instrukcja zak\u0142adania profilu zaufanego<\/a><br \/>\nPorady praktyczne (wraz ze zrzutami ekranowymi), jak za\u0142o\u017cy\u0107 profil zaufany, zaczynaj\u0105 si\u0119 od str. 9. ww. instrukcji.<\/p>\n<p>Po z\u0142o\u017ceniu wniosku w systemie profil zaufany mo\u017cna potwierdzi\u0107 w ci\u0105gu 14 dni w ka\u017cdym urz\u0119dzie skarbowym, w ka\u017cdym urz\u0119dzie wojew\u00f3dzkim, w wybranych oddzia\u0142ach ZUS i wybranych urz\u0119dach gmin.\u00a0<a href=\"http:\/\/epuap.gov.pl\/wps\/portal\/%21ut\/p\/c1\/04_SB8K8xLLM9MSSzPy8xBz9CP0os3gTcy8fU09LYwOLUC8TA09DXwtnPxd3QxMDM_2CbEdFAA01uZQ%21\/\">Lista punkt\u00f3w potwierdzaj\u0105cych<\/a>. Punkty potwierdzaj\u0105ce s\u0105 odpowiednio oznakowane.<\/p>\n<p><a href=\"http:\/\/epuap.gov.pl\/wps\/portal\/%21ut\/p\/c1\/hc3LDoIwEAXQLzIzpdDikldLrWFhfQAb0hhCmvBwYUz8ezGuK3OX594MtLBmti832KdbZjtCDS3rRFaejJYE4yQtUJnA5IZkGF_C1RuvS8o21rfvP3_jzP-6pNGGs5-j5xKEqlymHhpoeRfywzFSe4rIdY4qENe00hJjQaAZ-8He3_CYanRqJz5r4xfC\/dl2\/d1\/L0lDU0lKSWdrbUEhIS9JRFJBQUlpQ2dBek15cXchL1lCSkoxTkExTkk1MC01RncvN180N0pMNUk5MzAwN0tEMEkyRlZCTktHMDhGMy81MnJfXzEwOQ%21%21\/?WCM_PORTLET=PC_7_47JL5I93007KD0I2FVBNKG08F3_WCM&amp;WCM_GLOBAL_CONTEXT=\/wps\/wcm\/connect\/epuap2\/ePUAP2\/PL\/Pomoc\/Obywatele\/Najczesciej+zadawane+pytania+-+profil+zaufany\/\">Najcz\u0119\u015bciej zadawane pytania odno\u015bnie profilu zaufanego<\/a><\/p>\n<p><a href=\"http:\/\/epuap.gov.pl\/wps\/portal\/%21ut\/p\/c1\/hc3LDoIwEAXQLzIzUGhxyaul1rCwPmg3pDGENOHhwpj492JcI3OX594MWFgyuZfv3dPPkxugAUtbnlcnrUSASZqVKHWoCx3kmFyixc2qC0I31rfvv_XGmf11QeINpz_HlUsR6moeOzBgWRuxwzGWe4LIVIEy5NesVgITTsAMXe_ub3iMDXq54x_oiMPH\/dl2\/d1\/L0lJSklna21BL0lKakFBTXlBQkVSQ0pBISEvWUZOQTFOSTUwLTVGd0EhIS83XzQ3Skw1STkzMDA3S0QwSTJGVkJOS0cwOEYzL24zcl9fMTEz\/?WCM_PORTLET=PC_7_47JL5I93007KD0I2FVBNKG08F3_WCM&amp;WCM_GLOBAL_CONTEXT=\/wps\/wcm\/connect\/epuap2\/ePUAP2\/PL\/Pomoc\/Obywatele\/Filmy+instruktazowe\/\">Trzy filmy instrukta\u017cowe odno\u015bnie rejestracji na platformie ePUAP oraz odno\u015bnie profilu zaufanego<\/a><\/p>\n<p>&nbsp;<\/p>\n","protected":false},"excerpt":{"rendered":"<p>Podmioty realizuj\u0105ce zadania publiczne obowi\u0105zane s\u0105 posiada\u0107 elektroniczn\u0105 skrzynk\u0119 podawcz\u0105. Elektroniczna skrzynka podawcza pozwala na dor\u0119czanie do instytucji pism podpisanych bezpiecznym podpisem elektronicznym w spos\u00f3b zapewniaj\u0105cy otrzymanie urz\u0119dowego po\u015bwiadczenia przed\u0142o\u017cenia (UPP). UPP jest dowodem dor\u0119czenia pisma, a widniej\u0105ca na nim data stanowi dat\u0119 dor\u0119czenia. &nbsp; Dostarczenie do Szko\u0142y Podstawowej Nr 1 im. Powsta\u0144c\u00f3w \u015al\u0105skich w [&hellip;]<\/p>\n","protected":false},"author":3,"featured_media":0,"parent":0,"menu_order":0,"comment_status":"closed","ping_status":"closed","template":"","meta":{"_uag_custom_page_level_css":"","footnotes":""},"class_list":["post-11435","page","type-page","status-publish","hentry"],"uagb_featured_image_src":{"full":false,"thumbnail":false,"medium":false,"medium_large":false,"large":false,"1536x1536":false,"2048x2048":false,"gurukul-education-featured-image":false,"gurukul-education-thumbnail-avatar":false},"uagb_author_info":{"display_name":"Tadeusz Brysz","author_link":"https:\/\/sp1.imielin.pl\/index.php\/author\/tadeusz\/"},"uagb_comment_info":0,"uagb_excerpt":"Podmioty realizuj\u0105ce zadania publiczne obowi\u0105zane s\u0105 posiada\u0107 elektroniczn\u0105 skrzynk\u0119 podawcz\u0105. Elektroniczna skrzynka podawcza pozwala na dor\u0119czanie do instytucji pism podpisanych bezpiecznym podpisem elektronicznym w spos\u00f3b zapewniaj\u0105cy otrzymanie urz\u0119dowego po\u015bwiadczenia przed\u0142o\u017cenia (UPP). UPP jest dowodem dor\u0119czenia pisma, a widniej\u0105ca na nim data stanowi dat\u0119 dor\u0119czenia. &nbsp; Dostarczenie do Szko\u0142y Podstawowej Nr 1 im. Powsta\u0144c\u00f3w \u015al\u0105skich w&hellip;","_links":{"self":[{"href":"https:\/\/sp1.imielin.pl\/index.php\/wp-json\/wp\/v2\/pages\/11435","targetHints":{"allow":["GET"]}}],"collection":[{"href":"https:\/\/sp1.imielin.pl\/index.php\/wp-json\/wp\/v2\/pages"}],"about":[{"href":"https:\/\/sp1.imielin.pl\/index.php\/wp-json\/wp\/v2\/types\/page"}],"author":[{"embeddable":true,"href":"https:\/\/sp1.imielin.pl\/index.php\/wp-json\/wp\/v2\/users\/3"}],"replies":[{"embeddable":true,"href":"https:\/\/sp1.imielin.pl\/index.php\/wp-json\/wp\/v2\/comments?post=11435"}],"version-history":[{"count":0,"href":"https:\/\/sp1.imielin.pl\/index.php\/wp-json\/wp\/v2\/pages\/11435\/revisions"}],"wp:attachment":[{"href":"https:\/\/sp1.imielin.pl\/index.php\/wp-json\/wp\/v2\/media?parent=11435"}],"curies":[{"name":"wp","href":"https:\/\/api.w.org\/{rel}","templated":true}]}}