{"id":11466,"date":"2021-03-19T13:47:07","date_gmt":"2021-03-19T12:47:07","guid":{"rendered":"http:\/\/www.sp1.imielin.pl\/?page_id=11466"},"modified":"2021-03-19T13:47:07","modified_gmt":"2021-03-19T12:47:07","slug":"deklaracja-dostepnosci-2","status":"publish","type":"page","link":"https:\/\/sp1.imielin.pl\/index.php\/deklaracja-dostepnosci-2\/","title":{"rendered":"Deklaracja dost\u0119pno\u015bci"},"content":{"rendered":"<p style=\"text-align: justify;\"><strong>Deklaracja dost\u0119pno\u015bci<\/strong><br \/>\nSzko\u0142a Podstawowa Nr 1im. Powsta\u0144c\u00f3w \u015al\u0105skich w Imielinie zobowi\u0105zuje si\u0119 zapewni\u0107 dost\u0119pno\u015b\u0107 strony internetowej www.sp1.imielin.pl zgodnie z ustaw\u0105 z dnia 4 kwietnia 2019 r. o dost\u0119pno\u015bci cyfrowej stron internetowych i aplikacji mobilnych podmiot\u00f3w publicznych. O\u015bwiadczenie w sprawie dost\u0119pno\u015bci ma zastosowanie do strony internetowej Szko\u0142y Podstawowej Nr 1 im. Powsta\u0144c\u00f3w \u015al\u0105skich w Imielinie. Data publikacji strony internetowej: 2017 r.<br \/>\nData ostatniej du\u017cej aktualizacji: 2017 r.<br \/>\nStrona internetowa jest cz\u0119\u015bciowo zgodna z ustaw\u0105 z dnia 4 kwietnia 2019 r. o dost\u0119pno\u015bci cyfrowej stron internetowych i aplikacji mobilnych podmiot\u00f3w publicznych z powodu niezgodno\u015bci lub wy\u0142\u0105cze\u0144 wymienionych poni\u017cej:<br \/>\n\u2022 W miar\u0119 mo\u017cliwo\u015bci redaktorzy b\u0119d\u0105 poprawia\u0107 zamieszczone pliki pdf i doc (docx) , oraz dok\u0142ada\u0107 stara\u0144 by nowe dokumenty przygotowywane by\u0142y poprawnie. Nieczytelne przez czytniki ekranu dokumenty PDF u\u017cytkownicy mog\u0105 rozpozna\u0107 narz\u0119dziem OCR.<br \/>\n\u2022 Cz\u0119\u015b\u0107 z opublikowanych zdj\u0119\u0107 i grafik nie posiada opisu alternatywnego.<br \/>\n\u2022 Mog\u0105 si\u0119 zdarzy\u0107 sytuacje, w kt\u00f3rych linki b\u0119d\u0105 si\u0119 otwiera\u0142y w nowym oknie nie informuj\u0105c o tym u\u017cytkownika.<br \/>\n\u2022 Brak mapy serwisu.<br \/>\n\u2022 Mog\u0105 si\u0119 zdarzy\u0107 sytuacje, w kt\u00f3rych tabele zosta\u0142y u\u017cyte w spos\u00f3b nieprawid\u0142owy lub nie zawieraj\u0105 w\u0142a\u015bciwej struktury.<br \/>\n\u2022 Mog\u0105 si\u0119 zdarzy\u0107 sytuacje, w kt\u00f3rych nag\u0142\u00f3wki zosta\u0142y u\u017cyte w niew\u0142a\u015bciwy spos\u00f3b.<br \/>\nW miar\u0119 mo\u017cliwo\u015bci redaktorzy b\u0119d\u0105 poprawia\u0107 zamieszczone tre\u015bci.<br \/>\nWy\u0142\u0105czenia:<br \/>\n\u2022 Mapy s\u0105 wy\u0142\u0105czone z obowi\u0105zku zapewniania dost\u0119pno\u015bci.<br \/>\nStrona posiada nast\u0119puj\u0105ce u\u0142atwienia dla os\u00f3b z niepe\u0142nosprawno\u015bciami:<br \/>\n\u2022 Wersj\u0119 kontrastow\u0105 :<br \/>\n\uf0fc ciemny kontrast,<br \/>\n\uf0fc wy\u0142\u0105czenie kolor\u00f3w.<br \/>\n\u2022 Mo\u017cliwo\u015b\u0107 zmiany rozmiaru tekstu:<br \/>\n\uf0fc zwi\u0119kszenie rozmiaru tekstu,<br \/>\n\uf0fc zmniejszenie rozmiaru tekstu, czytelna czcionka,<br \/>\n\uf0fc mo\u017cliwo\u015b\u0107 zaznaczenia tytu\u0142\u00f3w, mo\u017cliwo\u015b\u0107 zaznaczenia link\u00f3w,<br \/>\n\uf0fc mo\u017cliwo\u015b\u0107 podkre\u015blenia link\u00f3w.<br \/>\n\u2022 Widoczny fokus \u2013 nawigacja klawiatur\u0105.<br \/>\nO\u015bwiadczenie sporz\u0105dzono dnia: 23.09.2020 r.<br \/>\nDeklaracj\u0119 sporz\u0105dzono na podstawie samooceny przeprowadzonej przez podmiot publiczny.<br \/>\nNa stronie internetowej mo\u017cna korzysta\u0107 ze standardowych skr\u00f3t\u00f3w klawiaturowych.<br \/>\n<strong>Informacje zwrotne i dane kontaktowe<\/strong><br \/>\nW przypadku problem\u00f3w z dost\u0119pno\u015bci\u0105 strony internetowej prosimy o kontakt. Osob\u0105 odpowiedzialn\u0105 jest Tadeusz Brysz, adres poczty elektronicznej tadeusz.brysz@sp1.imielin.pl Kontaktowa\u0107 mo\u017cna si\u0119 tak\u017ce dzwoni\u0105c na numer telefonu 32-2256-54. T\u0105 sam\u0105 drog\u0105 mo\u017cna sk\u0142ada\u0107 wnioski o udost\u0119pnienie informacji niedost\u0119pnej oraz sk\u0142ada\u0107 skargi na brak zapewnienia dost\u0119pno\u015bci.<br \/>\nKa\u017cdy ma prawo do wyst\u0105pienia z \u017c\u0105daniem zapewnienia dost\u0119pno\u015bci cyfrowej strony internetowej, aplikacji mobilnej lub jakiego\u015b ich elementu. Mo\u017cna tak\u017ce za\u017c\u0105da\u0107 udost\u0119pnienia informacji za pomoc\u0105 alternatywnego sposobu dost\u0119pu, na przyk\u0142ad przez odczytanie niedost\u0119pnego cyfrowo dokumentu, opisanie zawarto\u015bci filmu bez audio deskrypcji itp. \u017b\u0105danie powinno zawiera\u0107 dane osoby zg\u0142aszaj\u0105cej \u017c\u0105danie, wskazanie, o kt\u00f3r\u0105 stron\u0119 internetow\u0105 lub aplikacj\u0119 mobiln\u0105 chodzi oraz spos\u00f3b kontaktu. Je\u017celi osoba \u017c\u0105daj\u0105ca zg\u0142asza potrzeb\u0119 otrzymania informacji za pomoc\u0105 alternatywnego sposobu dost\u0119pu, powinna tak\u017ce okre\u015bli\u0107 dogodny dla niej spos\u00f3b przedstawienia tej informacji. Podmiot publiczny powinien zrealizowa\u0107 \u017c\u0105danie niezw\u0142ocznie, nie p\u00f3\u017aniej ni\u017c w ci\u0105gu 7 dni od dnia wyst\u0105pienia z \u017c\u0105daniem. Je\u017celi dotrzymanie tego terminu nie jest mo\u017cliwe, podmiot publiczny niezw\u0142ocznie informuje o tym wnosz\u0105cego \u017c\u0105danie, kiedy realizacja \u017c\u0105dania b\u0119dzie mo\u017cliwa, przy czym termin ten nie mo\u017ce by\u0107 d\u0142u\u017cszy ni\u017c 2 miesi\u0105ce od dnia wyst\u0105pienia z \u017c\u0105daniem. Je\u017celi zapewnienie dost\u0119pno\u015bci cyfrowej nie jest mo\u017cliwe, podmiot publiczny mo\u017ce zaproponowa\u0107 alternatywny spos\u00f3b dost\u0119pu do informacji. W przypadku, gdy podmiot publiczny odm\u00f3wi realizacji \u017c\u0105dania zapewnienia dost\u0119pno\u015bci lub alternatywnego sposobu dost\u0119pu do informacji, wnosz\u0105cy \u017c\u0105danie mo\u017cne z\u0142o\u017cy\u0107 skarg\u0119 w sprawie zapewniana dost\u0119pno\u015bci cyfrowej strony internetowej, aplikacji mobilnej lub elementu strony internetowej, lub aplikacji mobilnej. Po wyczerpaniu wskazanej wy\u017cej procedury mo\u017cna tak\u017ce z\u0142o\u017cy\u0107 wniosek do Rzecznika Praw Obywatelskich.<br \/>\n<strong>Dost\u0119pno\u015b\u0107 architektoniczna Szko\u0142y Podstawowej Nr 1 im. Powsta\u0144c\u00f3w \u015al\u0105skich w Imielinie, ul. W. Sapety 8 , 41-407 Imielin<\/strong><br \/>\n\u2022 Budynek nie jest dostosowany dla os\u00f3b z niepe\u0142nosprawno\u015bci\u0105.<br \/>\n\u2022 Obok budynku wyznaczono jedno miejsce parkingowe dla os\u00f3b z niepe\u0142nosprawno\u015bci\u0105.<br \/>\n\u2022 Do budynku mo\u017cna wej\u015b\u0107 z psem asystuj\u0105cym.<br \/>\n\u2022 W budynku nie ma windy.<br \/>\n\u2022 Toaleta dostosowana dla potrzeb os\u00f3b niepe\u0142nosprawnych.<\/p>\n<p>Raport o stanie zapewnienia dost\u0119pno\u015bci podmiotu publicznego: <a href=\"http:\/\/www.sp1.imielin.pl\/wp-content\/uploads\/2014\/07\/Raport-o-stanie-zapewnienia-dost\u0119pno\u015bci-podmiotu-publicznego.pdf\" target=\"_blank\">Raport.pdf<\/a><\/p>\n","protected":false},"excerpt":{"rendered":"<p>Deklaracja dost\u0119pno\u015bci Szko\u0142a Podstawowa Nr 1im. Powsta\u0144c\u00f3w \u015al\u0105skich w Imielinie zobowi\u0105zuje si\u0119 zapewni\u0107 dost\u0119pno\u015b\u0107 strony internetowej www.sp1.imielin.pl zgodnie z ustaw\u0105 z dnia 4 kwietnia 2019 r. o dost\u0119pno\u015bci cyfrowej stron internetowych i aplikacji mobilnych podmiot\u00f3w publicznych. O\u015bwiadczenie w sprawie dost\u0119pno\u015bci ma zastosowanie do strony internetowej Szko\u0142y Podstawowej Nr 1 im. Powsta\u0144c\u00f3w \u015al\u0105skich w Imielinie. Data [&hellip;]<\/p>\n","protected":false},"author":3,"featured_media":0,"parent":0,"menu_order":0,"comment_status":"closed","ping_status":"closed","template":"","meta":{"_uag_custom_page_level_css":"","footnotes":""},"class_list":["post-11466","page","type-page","status-publish","hentry"],"uagb_featured_image_src":{"full":false,"thumbnail":false,"medium":false,"medium_large":false,"large":false,"1536x1536":false,"2048x2048":false,"gurukul-education-featured-image":false,"gurukul-education-thumbnail-avatar":false},"uagb_author_info":{"display_name":"Tadeusz Brysz","author_link":"https:\/\/sp1.imielin.pl\/index.php\/author\/tadeusz\/"},"uagb_comment_info":0,"uagb_excerpt":"Deklaracja dost\u0119pno\u015bci Szko\u0142a Podstawowa Nr 1im. Powsta\u0144c\u00f3w \u015al\u0105skich w Imielinie zobowi\u0105zuje si\u0119 zapewni\u0107 dost\u0119pno\u015b\u0107 strony internetowej www.sp1.imielin.pl zgodnie z ustaw\u0105 z dnia 4 kwietnia 2019 r. o dost\u0119pno\u015bci cyfrowej stron internetowych i aplikacji mobilnych podmiot\u00f3w publicznych. O\u015bwiadczenie w sprawie dost\u0119pno\u015bci ma zastosowanie do strony internetowej Szko\u0142y Podstawowej Nr 1 im. Powsta\u0144c\u00f3w \u015al\u0105skich w Imielinie. Data&hellip;","_links":{"self":[{"href":"https:\/\/sp1.imielin.pl\/index.php\/wp-json\/wp\/v2\/pages\/11466","targetHints":{"allow":["GET"]}}],"collection":[{"href":"https:\/\/sp1.imielin.pl\/index.php\/wp-json\/wp\/v2\/pages"}],"about":[{"href":"https:\/\/sp1.imielin.pl\/index.php\/wp-json\/wp\/v2\/types\/page"}],"author":[{"embeddable":true,"href":"https:\/\/sp1.imielin.pl\/index.php\/wp-json\/wp\/v2\/users\/3"}],"replies":[{"embeddable":true,"href":"https:\/\/sp1.imielin.pl\/index.php\/wp-json\/wp\/v2\/comments?post=11466"}],"version-history":[{"count":0,"href":"https:\/\/sp1.imielin.pl\/index.php\/wp-json\/wp\/v2\/pages\/11466\/revisions"}],"wp:attachment":[{"href":"https:\/\/sp1.imielin.pl\/index.php\/wp-json\/wp\/v2\/media?parent=11466"}],"curies":[{"name":"wp","href":"https:\/\/api.w.org\/{rel}","templated":true}]}}