{"id":12964,"date":"2021-11-25T21:14:28","date_gmt":"2021-11-25T20:14:28","guid":{"rendered":"http:\/\/www.sp1.imielin.pl\/?page_id=12964"},"modified":"2021-11-25T21:14:28","modified_gmt":"2021-11-25T20:14:28","slug":"narodowy-program-rozwoju-czytelnictwa","status":"publish","type":"page","link":"https:\/\/sp1.imielin.pl\/index.php\/narodowy-program-rozwoju-czytelnictwa\/","title":{"rendered":"Narodowy Program Rozwoju Czytelnictwa"},"content":{"rendered":"<p style=\"text-align: center;\">KLIKNIJ W OBRAZEK PONI\u017bEJ<\/p>\n<p><a href=\"http:\/\/www.sp1.imielin.pl\/o-szkole\/narodowy-program-rozwoju-czytelnictwa\/wyzwanie-czytelnicze\/\"><img loading=\"lazy\" decoding=\"async\" class=\"aligncenter wp-image-13050 size-full\" src=\"http:\/\/www.sp1.imielin.pl\/wp-content\/uploads\/2021\/11\/sp1imielin_facebook_wyspa-1-2.jpg\" alt=\"sp1imielin_facebook_wyspa-1\" width=\"819\" height=\"429\" srcset=\"https:\/\/sp1.imielin.pl\/wp-content\/uploads\/2021\/11\/sp1imielin_facebook_wyspa-1-2.jpg 819w, https:\/\/sp1.imielin.pl\/wp-content\/uploads\/2021\/11\/sp1imielin_facebook_wyspa-1-2-300x157.jpg 300w, https:\/\/sp1.imielin.pl\/wp-content\/uploads\/2021\/11\/sp1imielin_facebook_wyspa-1-2-768x402.jpg 768w\" sizes=\"auto, (max-width: 819px) 100vw, 819px\" \/><\/a><\/p>\n<p>&nbsp;<\/p>\n<p style=\"text-align: center;\"><a href=\"http:\/\/www.sp1.imielin.pl\/wp-content\/uploads\/2021\/11\/lista.pdf\">LISTA ZAKUPIONYCH KSI\u0104\u017bEK\u00a0<\/a><\/p>\n<p style=\"text-align: center;\"><a href=\"http:\/\/www.sp1.imielin.pl\/wp-content\/uploads\/2021\/11\/LISTA.2.pdf\">LISTA ZAKUPIONYCH KSI\u0104\u017bEK &#8211; CZ\u0118\u015a\u0106 2<\/a><\/p>\n<p style=\"text-align: center;\">Dowiedz si\u0119 wi\u0119cej o Narodowym Programie Rozwoju Czytelnictwa, klikaj\u0105c w <a href=\"https:\/\/nprcz.pl\/\">LINK\u00a0<\/a><\/p>\n","protected":false},"excerpt":{"rendered":"<p>KLIKNIJ W OBRAZEK PONI\u017bEJ &nbsp; LISTA ZAKUPIONYCH KSI\u0104\u017bEK\u00a0 LISTA ZAKUPIONYCH KSI\u0104\u017bEK &#8211; CZ\u0118\u015a\u0106 2 Dowiedz si\u0119 wi\u0119cej o Narodowym Programie Rozwoju Czytelnictwa, klikaj\u0105c w LINK\u00a0<\/p>\n","protected":false},"author":2,"featured_media":0,"parent":0,"menu_order":0,"comment_status":"closed","ping_status":"closed","template":"","meta":{"_uag_custom_page_level_css":"","footnotes":""},"class_list":["post-12964","page","type-page","status-publish","hentry"],"uagb_featured_image_src":{"full":false,"thumbnail":false,"medium":false,"medium_large":false,"large":false,"1536x1536":false,"2048x2048":false,"gurukul-education-featured-image":false,"gurukul-education-thumbnail-avatar":false},"uagb_author_info":{"display_name":"Maria Habryka","author_link":"https:\/\/sp1.imielin.pl\/index.php\/author\/maria\/"},"uagb_comment_info":0,"uagb_excerpt":"KLIKNIJ W OBRAZEK PONI\u017bEJ &nbsp; LISTA ZAKUPIONYCH KSI\u0104\u017bEK\u00a0 LISTA ZAKUPIONYCH KSI\u0104\u017bEK &#8211; CZ\u0118\u015a\u0106 2 Dowiedz si\u0119 wi\u0119cej o Narodowym Programie Rozwoju Czytelnictwa, klikaj\u0105c w LINK\u00a0","_links":{"self":[{"href":"https:\/\/sp1.imielin.pl\/index.php\/wp-json\/wp\/v2\/pages\/12964","targetHints":{"allow":["GET"]}}],"collection":[{"href":"https:\/\/sp1.imielin.pl\/index.php\/wp-json\/wp\/v2\/pages"}],"about":[{"href":"https:\/\/sp1.imielin.pl\/index.php\/wp-json\/wp\/v2\/types\/page"}],"author":[{"embeddable":true,"href":"https:\/\/sp1.imielin.pl\/index.php\/wp-json\/wp\/v2\/users\/2"}],"replies":[{"embeddable":true,"href":"https:\/\/sp1.imielin.pl\/index.php\/wp-json\/wp\/v2\/comments?post=12964"}],"version-history":[{"count":0,"href":"https:\/\/sp1.imielin.pl\/index.php\/wp-json\/wp\/v2\/pages\/12964\/revisions"}],"wp:attachment":[{"href":"https:\/\/sp1.imielin.pl\/index.php\/wp-json\/wp\/v2\/media?parent=12964"}],"curies":[{"name":"wp","href":"https:\/\/api.w.org\/{rel}","templated":true}]}}