{"id":13211,"date":"2021-12-17T12:38:29","date_gmt":"2021-12-17T11:38:29","guid":{"rendered":"http:\/\/www.sp1.imielin.pl\/?page_id=13211"},"modified":"2021-12-17T12:38:29","modified_gmt":"2021-12-17T11:38:29","slug":"regulamin-zgloszen-wewnetrznych","status":"publish","type":"page","link":"https:\/\/sp1.imielin.pl\/index.php\/regulamin-zgloszen-wewnetrznych\/","title":{"rendered":"Regulamin zg\u0142osze\u0144 wewn\u0119trznych"},"content":{"rendered":"<p style=\"text-align: center;\"><a href=\"http:\/\/www.sp1.imielin.pl\/wp-content\/uploads\/2021\/12\/CCF17122021.pdf\">Regulamin zg\u0142osze\u0144 wewn\u0119trznych, okre\u015blaj\u0105cy wewn\u0119trzn\u0105 procedur\u0119 zg\u0142aszania narusze\u0144 prawa i podejmowania dzia\u0142a\u0144 nast\u0119pczych <\/a><\/p>\n","protected":false},"excerpt":{"rendered":"<p>Regulamin zg\u0142osze\u0144 wewn\u0119trznych, okre\u015blaj\u0105cy wewn\u0119trzn\u0105 procedur\u0119 zg\u0142aszania narusze\u0144 prawa i podejmowania dzia\u0142a\u0144 nast\u0119pczych<\/p>\n","protected":false},"author":2,"featured_media":0,"parent":0,"menu_order":0,"comment_status":"closed","ping_status":"closed","template":"","meta":{"_uag_custom_page_level_css":"","footnotes":""},"class_list":["post-13211","page","type-page","status-publish","hentry"],"uagb_featured_image_src":{"full":false,"thumbnail":false,"medium":false,"medium_large":false,"large":false,"1536x1536":false,"2048x2048":false,"gurukul-education-featured-image":false,"gurukul-education-thumbnail-avatar":false},"uagb_author_info":{"display_name":"Maria Habryka","author_link":"https:\/\/sp1.imielin.pl\/index.php\/author\/maria\/"},"uagb_comment_info":0,"uagb_excerpt":"Regulamin zg\u0142osze\u0144 wewn\u0119trznych, okre\u015blaj\u0105cy wewn\u0119trzn\u0105 procedur\u0119 zg\u0142aszania narusze\u0144 prawa i podejmowania dzia\u0142a\u0144 nast\u0119pczych","_links":{"self":[{"href":"https:\/\/sp1.imielin.pl\/index.php\/wp-json\/wp\/v2\/pages\/13211","targetHints":{"allow":["GET"]}}],"collection":[{"href":"https:\/\/sp1.imielin.pl\/index.php\/wp-json\/wp\/v2\/pages"}],"about":[{"href":"https:\/\/sp1.imielin.pl\/index.php\/wp-json\/wp\/v2\/types\/page"}],"author":[{"embeddable":true,"href":"https:\/\/sp1.imielin.pl\/index.php\/wp-json\/wp\/v2\/users\/2"}],"replies":[{"embeddable":true,"href":"https:\/\/sp1.imielin.pl\/index.php\/wp-json\/wp\/v2\/comments?post=13211"}],"version-history":[{"count":0,"href":"https:\/\/sp1.imielin.pl\/index.php\/wp-json\/wp\/v2\/pages\/13211\/revisions"}],"wp:attachment":[{"href":"https:\/\/sp1.imielin.pl\/index.php\/wp-json\/wp\/v2\/media?parent=13211"}],"curies":[{"name":"wp","href":"https:\/\/api.w.org\/{rel}","templated":true}]}}