{"id":14843,"date":"2022-09-09T11:07:06","date_gmt":"2022-09-09T09:07:06","guid":{"rendered":"http:\/\/www.sp1.imielin.pl\/?page_id=14843"},"modified":"2025-10-01T14:29:26","modified_gmt":"2025-10-01T12:29:26","slug":"podreczniki","status":"publish","type":"page","link":"https:\/\/sp1.imielin.pl\/index.php\/podreczniki\/","title":{"rendered":"Szkolny wykaz podr\u0119cznik\u00f3w"},"content":{"rendered":"<p><a href=\"https:\/\/sp1.imielin.pl\/wp-content\/uploads\/2025\/10\/WYKAZ-PODRA_CZNIKA_W-NA-ROK-SZKOLNY-2025-2026.pdf\">Wykaz podr\u0119cznik\u00f3w na rok szkolny 2025\/2026<\/a><\/p>\n<p><a href=\"https:\/\/sp1.imielin.pl\/wp-content\/uploads\/2015\/11\/PROCEDURA_podrA_czniki.24.08.2021.pdf\">Procedura Ewidencjonowania i Udost\u0119pniania Darmowych Podr\u0119cznik\u00f3w i Materia\u0142\u00f3w \u0106wiczeniowych w Szkole Podstawowej Nr 1 im. Powsta\u0144c\u00f3w \u015al\u0105skich w Imielinie<\/a><\/p>\n<p><a href=\"https:\/\/sp1.imielin.pl\/wp-content\/uploads\/2015\/11\/regulamin-wypoayczania-darmowych-podra_cznikaw.pdf\">Regulamin wypo\u017cyczania darmowych podr\u0119cznik\u00f3w Szko\u0142y Podstawowej Nr 1 im. Powsta\u0144c\u00f3w \u015al\u0105skich w Imielinie<\/a><\/p>\n","protected":false},"excerpt":{"rendered":"<p>Wykaz podr\u0119cznik\u00f3w na rok szkolny 2025\/2026 Procedura Ewidencjonowania i Udost\u0119pniania Darmowych Podr\u0119cznik\u00f3w i Materia\u0142\u00f3w \u0106wiczeniowych w Szkole Podstawowej Nr 1 im. Powsta\u0144c\u00f3w \u015al\u0105skich w Imielinie Regulamin wypo\u017cyczania darmowych podr\u0119cznik\u00f3w Szko\u0142y Podstawowej Nr 1 im. Powsta\u0144c\u00f3w \u015al\u0105skich w Imielinie<\/p>\n","protected":false},"author":2,"featured_media":0,"parent":0,"menu_order":0,"comment_status":"closed","ping_status":"closed","template":"","meta":{"_uag_custom_page_level_css":"","footnotes":""},"class_list":["post-14843","page","type-page","status-publish","hentry"],"uagb_featured_image_src":{"full":false,"thumbnail":false,"medium":false,"medium_large":false,"large":false,"1536x1536":false,"2048x2048":false,"gurukul-education-featured-image":false,"gurukul-education-thumbnail-avatar":false},"uagb_author_info":{"display_name":"Maria Habryka","author_link":"https:\/\/sp1.imielin.pl\/index.php\/author\/maria\/"},"uagb_comment_info":0,"uagb_excerpt":"Wykaz podr\u0119cznik\u00f3w na rok szkolny 2025\/2026 Procedura Ewidencjonowania i Udost\u0119pniania Darmowych Podr\u0119cznik\u00f3w i Materia\u0142\u00f3w \u0106wiczeniowych w Szkole Podstawowej Nr 1 im. Powsta\u0144c\u00f3w \u015al\u0105skich w Imielinie Regulamin wypo\u017cyczania darmowych podr\u0119cznik\u00f3w Szko\u0142y Podstawowej Nr 1 im. Powsta\u0144c\u00f3w \u015al\u0105skich w Imielinie","_links":{"self":[{"href":"https:\/\/sp1.imielin.pl\/index.php\/wp-json\/wp\/v2\/pages\/14843","targetHints":{"allow":["GET"]}}],"collection":[{"href":"https:\/\/sp1.imielin.pl\/index.php\/wp-json\/wp\/v2\/pages"}],"about":[{"href":"https:\/\/sp1.imielin.pl\/index.php\/wp-json\/wp\/v2\/types\/page"}],"author":[{"embeddable":true,"href":"https:\/\/sp1.imielin.pl\/index.php\/wp-json\/wp\/v2\/users\/2"}],"replies":[{"embeddable":true,"href":"https:\/\/sp1.imielin.pl\/index.php\/wp-json\/wp\/v2\/comments?post=14843"}],"version-history":[{"count":6,"href":"https:\/\/sp1.imielin.pl\/index.php\/wp-json\/wp\/v2\/pages\/14843\/revisions"}],"predecessor-version":[{"id":27070,"href":"https:\/\/sp1.imielin.pl\/index.php\/wp-json\/wp\/v2\/pages\/14843\/revisions\/27070"}],"wp:attachment":[{"href":"https:\/\/sp1.imielin.pl\/index.php\/wp-json\/wp\/v2\/media?parent=14843"}],"curies":[{"name":"wp","href":"https:\/\/api.w.org\/{rel}","templated":true}]}}