{"id":17365,"date":"2023-10-17T15:14:54","date_gmt":"2023-10-17T13:14:54","guid":{"rendered":"http:\/\/www.sp1.imielin.pl\/?page_id=17365"},"modified":"2025-09-12T21:59:18","modified_gmt":"2025-09-12T19:59:18","slug":"wymagania-edukacyjne","status":"publish","type":"page","link":"https:\/\/sp1.imielin.pl\/index.php\/wymagania-edukacyjne\/","title":{"rendered":"Wymagania edukacyjne"},"content":{"rendered":"<p>EDUKACJA WCZESNOSZKOLNA<br \/>\n<a href=\"http:\/\/www.sp1.imielin.pl\/wp-content\/uploads\/2023\/10\/WYMAGANIA-EDUKACYJNE-DLA-KLAS-I-III.pdf\">KLASA 1-3<\/a><\/p>\n<p>J\u0118ZYK POLSKI<br \/>\n<a href=\"http:\/\/www.sp1.imielin.pl\/wp-content\/uploads\/2023\/10\/Przedmiotowy_system_oceniania_Slowa_z_usmiechem_klasa_4.pdf\">KLASA 4<\/a><br \/>\n<a href=\"http:\/\/www.sp1.imielin.pl\/wp-content\/uploads\/2023\/10\/Jpol_SP_Slowa_z_usm_kl5_PSO-1.pdf\">KLASA 5<\/a><br \/>\n<a href=\"http:\/\/www.sp1.imielin.pl\/wp-content\/uploads\/2023\/10\/Jpol_SP_Slowa_z_usm_kl6_PSO-1-1.pdf\">KLASA 6<\/a><br \/>\n<a href=\"http:\/\/www.sp1.imielin.pl\/wp-content\/uploads\/2023\/10\/Jpol_SP_Zamienmy_slowo_kl_7_wymagania_na_oceny.pdf\">KLASA 7<\/a><br \/>\n<a href=\"http:\/\/www.sp1.imielin.pl\/wp-content\/uploads\/2023\/10\/Jpol_SP_Swiat_w_slowach_Gram_i_styl_kl_8_PSO_word.pdf\">KLASA 8<\/a><\/p>\n<p>MATEMATYKA<br \/>\n<a href=\"http:\/\/www.sp1.imielin.pl\/wp-content\/uploads\/2023\/10\/Wymagania-klasa-4.pdf\">KLASA 4<\/a><br \/>\n<a href=\"http:\/\/www.sp1.imielin.pl\/wp-content\/uploads\/2023\/10\/Wymagania-klasa-5.pdf\">KLASA 5<\/a><br \/>\n<a href=\"http:\/\/www.sp1.imielin.pl\/wp-content\/uploads\/2023\/10\/Wymagania-klasa-6.pdf\">KLASA 6<\/a><br \/>\n<a href=\"http:\/\/www.sp1.imielin.pl\/wp-content\/uploads\/2023\/10\/wymagania-klasa-7.pdf\">KLASA 7<\/a><\/p>\n<p>J\u0118ZYK ANGIELSKI<br \/>\n<a href=\"http:\/\/www.sp1.imielin.pl\/wp-content\/uploads\/2023\/10\/Kryteria-oceniania_Tiger_Friends_1.pdf\">KLASA 1<\/a><br \/>\n<a href=\"http:\/\/www.sp1.imielin.pl\/wp-content\/uploads\/2023\/10\/Tiger_Friends_2_kryteria_oceniania.pdf\">KLASA 2<\/a><br \/>\n<a href=\"http:\/\/www.sp1.imielin.pl\/wp-content\/uploads\/2023\/10\/TigerFrends-3_kryteria-oceniania.pdf\">KLASA 3<br \/>\n<\/a><a href=\"http:\/\/www.sp1.imielin.pl\/wp-content\/uploads\/2023\/10\/Wymagania-edukacyjne-klasy-4-8.pdf\">KLASA 4-8<\/a><\/p>\n<p>J\u0118ZYK NIEMIECKI<br \/>\n<a href=\"http:\/\/www.sp1.imielin.pl\/wp-content\/uploads\/2014\/07\/Jniem_SP_NaD_kl7_Wymagania-edukacyjne-1.pdf\">KLASA 7<\/a><\/p>\n<p>J\u0118ZYK HISZPA\u0143SKI<br \/>\n<a href=\"http:\/\/www.sp1.imielin.pl\/wp-content\/uploads\/2023\/10\/wymagania-edukacyjne-kl.7.pdf\">KLASA 7<\/a><\/p>\n<p>FIZYKA<br \/>\n<a href=\"http:\/\/www.sp1.imielin.pl\/wp-content\/uploads\/2023\/10\/Wymagania_edukacyjne_FIZYKA_klasa_7.pdf\">KLASA 7<\/a><br \/>\n<a href=\"http:\/\/www.sp1.imielin.pl\/wp-content\/uploads\/2023\/10\/wymaganiaedukacyjnefizykaklasa8.pdf\">KLASA 8<\/a><\/p>\n<p>CHEMIA<br \/>\n<a href=\"http:\/\/www.sp1.imielin.pl\/wp-content\/uploads\/2023\/10\/CHEMIA_propozycja-wymagan-programowych-klasa-7.pdf\">KLASA 7<\/a><\/p>\n<p>BIOLOGIA<br \/>\n<a href=\"https:\/\/sp1.imielin.pl\/wp-content\/uploads\/2025\/03\/wymagania-edukacyjne-z-biologii-dla-klasy-5-2024.docx\">KLASA 5<\/a><br \/>\n<a href=\"https:\/\/sp1.imielin.pl\/wp-content\/uploads\/2025\/03\/wymagania-edukacyjne-z-biologii-dla-klasy-6-2024.docx\">KLASA 6<\/a><br \/>\n<a href=\"https:\/\/sp1.imielin.pl\/wp-content\/uploads\/2025\/03\/BiolBezTaj_SP_4_8_kl_7_Wymagania_edukac_PODSTAWA2024.pdf\">KLASA 7<\/a><br \/>\n<a href=\"https:\/\/sp1.imielin.pl\/wp-content\/uploads\/2025\/03\/Biologia_bez_tajemnic_SP_4_8_kl_8_Wymagania_edukacyjne.pdf\">KLASA 8<\/a><\/p>\n<p>HISTORIA<br \/>\n<a href=\"http:\/\/www.sp1.imielin.pl\/wp-content\/uploads\/2023\/10\/wymagania-na-poszczegolne-oceny-kl4-wczoraj-i-dzis.pdf\">KLASA 4<\/a><br \/>\n<a href=\"http:\/\/www.sp1.imielin.pl\/wp-content\/uploads\/2023\/10\/wymagania-na-poszczegolne-oceny-kl-5-wczoraj-i-dzis-1.pdf\">KLASA 5<\/a><br \/>\n<a href=\"http:\/\/www.sp1.imielin.pl\/wp-content\/uploads\/2023\/10\/wymagania-na-poszczegolne-oceny-kl-6-wczoraj-i-dzis.pdf\">KLASA 6<\/a><br \/>\n<a href=\"http:\/\/www.sp1.imielin.pl\/wp-content\/uploads\/2023\/10\/wymagania-na-poszczegolne-oceny-kl-7-wczoraj-i-dzis-1.pdf\">KLASA 7<\/a><br \/>\n<a href=\"http:\/\/www.sp1.imielin.pl\/wp-content\/uploads\/2023\/10\/wymagania-na-poszczegolne-oceny-kl-8-wczoraj-i-dzis.pdf\">KLASA 8<\/a><\/p>\n<p>PRZYRODA<br \/>\n<a href=\"http:\/\/www.sp1.imielin.pl\/wp-content\/uploads\/2023\/10\/Przyroda_SP_4-8_kl_4_Wymagania_edukacyjne.pdf\">KLASA 4<\/a><\/p>\n<p>GEOGRAFIA<br \/>\n<a href=\"http:\/\/www.sp1.imielin.pl\/wp-content\/uploads\/2023\/10\/wymagania-edukacyjne-z-geografii-dla-klasy-5.pdf\">KLASA 5<\/a><br \/>\n<a href=\"http:\/\/www.sp1.imielin.pl\/wp-content\/uploads\/2023\/10\/wymagania-edukacyjne-z-geografii-dla-klasy-6.pdf\">KLASA 6<\/a><br \/>\n<a href=\"http:\/\/www.sp1.imielin.pl\/wp-content\/uploads\/2023\/10\/GEO_SP_Geografia_kl_7_PSO.pdf\">KLASA 7<\/a><\/p>\n<p>INFORMATYKA<br \/>\n<a href=\"http:\/\/www.sp1.imielin.pl\/wp-content\/uploads\/2023\/10\/INFORMATYKA_kryteria-oceniania-ucznia-klasy-1_TB.pdf\">KLASA 1<\/a><br \/>\n<a href=\"http:\/\/www.sp1.imielin.pl\/wp-content\/uploads\/2023\/10\/INFORMATYKA_kryteria-oceniania-ucznia-klasy-2_TB.pdf\">KLASA 2<\/a><br \/>\n<a href=\"http:\/\/www.sp1.imielin.pl\/wp-content\/uploads\/2023\/10\/INFORMATYKA_kryteria-oceniania-ucznia-klasy-3_TB.pdf\">KLASA 3<\/a><br \/>\n<a href=\"http:\/\/www.sp1.imielin.pl\/wp-content\/uploads\/2023\/10\/INFORMATYKA_przedmiotowy-system-oceniania-klasa-4-edycja-2023-2025.pdf\">KLASA 4<\/a><br \/>\n<a href=\"http:\/\/www.sp1.imielin.pl\/wp-content\/uploads\/2023\/10\/INFORMATYKA_przedmiotowy-system-oceniania-klasa-5.pdf\">KLASA 5<\/a><br \/>\n<a href=\"http:\/\/www.sp1.imielin.pl\/wp-content\/uploads\/2023\/10\/INFORMATYKA_przedmiotowy-system-oceniania-klasa-6.pdf\">KLASA 6<\/a><br \/>\n<a href=\"http:\/\/www.sp1.imielin.pl\/wp-content\/uploads\/2023\/10\/INFORMATYKA_przedmiotowy-system-oceniania-klasa-7.pdf\">KLASA 7<\/a><br \/>\n<a href=\"http:\/\/www.sp1.imielin.pl\/wp-content\/uploads\/2023\/10\/INFORMATYKA_przedmiotowy-system-oceniania-klasa-8.pdf\">KLASA 8<\/a><\/p>\n<p>TECHNIKA<br \/>\n<a href=\"http:\/\/www.sp1.imielin.pl\/wp-content\/uploads\/2023\/10\/MacEdukacja-pzo.pdf\">KLASA 4<\/a><br \/>\n<a href=\"http:\/\/www.sp1.imielin.pl\/wp-content\/uploads\/2023\/10\/Tech_SP_4_8_Technika_na_co_dzien_Przedmiotowy_system_oceniania.pdf\">KLASA 5<\/a><br \/>\n<a href=\"http:\/\/www.sp1.imielin.pl\/wp-content\/uploads\/2023\/10\/Tech_SP_4_8_Technika_na_co_dzien_Przedmiotowy_system_oceniania.pdf\">KLASA 6<\/a><\/p>\n<p>MUZYKA<br \/>\n<a href=\"http:\/\/www.sp1.imielin.pl\/wp-content\/uploads\/2023\/10\/KLASA_4.pdf\">KLASA 4<\/a><br \/>\n<a href=\"http:\/\/www.sp1.imielin.pl\/wp-content\/uploads\/2023\/10\/KLASA_5.pdf\">KLASA 5<\/a><br \/>\n<a href=\"http:\/\/www.sp1.imielin.pl\/wp-content\/uploads\/2023\/10\/klasa_6-1.pdf\">KLASA 6<\/a><br \/>\n<a href=\"http:\/\/www.sp1.imielin.pl\/wp-content\/uploads\/2023\/10\/klasa_7.pdf\">KLASA 7<br \/>\n<\/a><br \/>\nWYCHOWANIE FIZYCZNE<br \/>\n<a href=\"http:\/\/www.sp1.imielin.pl\/wp-content\/uploads\/2023\/10\/Kryteria-oceniania-wf.pdf\">KLASA 4-8<\/a><\/p>\n<p>RELIGIA<br \/>\n<a href=\"http:\/\/www.sp1.imielin.pl\/wp-content\/uploads\/2023\/10\/Wynmagania-edukacyjne-z-religii-dla-klasy-I-SP-2023.pdf\">KLASA 1<\/a><br \/>\n<a href=\"http:\/\/www.sp1.imielin.pl\/wp-content\/uploads\/2023\/10\/Wymagania-Edukacyjne-z-religii-kl-II-SP.pdf\">KLASA 2<\/a><br \/>\n<a href=\"http:\/\/www.sp1.imielin.pl\/wp-content\/uploads\/2023\/10\/Wymagania-Edukacyjne-Klasa-III-SP-Poznaje-Jezusa.pdf\">KLASA 3<\/a><br \/>\n<a href=\"http:\/\/www.sp1.imielin.pl\/wp-content\/uploads\/2023\/10\/Religia-wymagania-edukacyjne-klasa-4.doc.pdf\">KLASA 4<\/a><br \/>\n<a href=\"http:\/\/www.sp1.imielin.pl\/wp-content\/uploads\/2023\/10\/Religia-wymagania-edukacyjne-klasa-5.doc.pdf\">KLASA 5<\/a><br \/>\n<a href=\"http:\/\/www.sp1.imielin.pl\/wp-content\/uploads\/2023\/10\/Religia-wymagania-edukacyjne-klasa-6.doc.pdf\">KLASA 6<\/a><br \/>\n<a href=\"http:\/\/www.sp1.imielin.pl\/wp-content\/uploads\/2023\/10\/Religia-wymagania-edukacyjne-klasa-7.doc.pdf\">KLASA 7<\/a><br \/>\n<a href=\"http:\/\/www.sp1.imielin.pl\/wp-content\/uploads\/2023\/10\/Religia-wymagania-edukacyjne-klasa-8.doc.pdf\">KLASA 8<\/a><\/p>\n<p>WIEDZA O SPO\u0141ECZE\u0143STWIE<br \/>\n<a href=\"https:\/\/sp1.imielin.pl\/wp-content\/uploads\/2025\/09\/program-nauczania-z-rozkladem-materialu-dzis-i-jutro-20241.docx\">KLASA 8\u00a0<\/a><\/p>\n<p>EDUKACJA ZDROWOTNA<br \/>\n<a href=\"https:\/\/zpe.gov.pl\/pobierz\/RO4H2LNDBOPJ5\">KLASA 4 &#8211; 8<\/a><\/p>\n","protected":false},"excerpt":{"rendered":"<p>EDUKACJA WCZESNOSZKOLNA KLASA 1-3 J\u0118ZYK POLSKI KLASA 4 KLASA 5 KLASA 6 KLASA 7 KLASA 8 MATEMATYKA KLASA 4 KLASA 5 KLASA 6 KLASA 7 J\u0118ZYK ANGIELSKI KLASA 1 KLASA 2 KLASA 3 KLASA 4-8 J\u0118ZYK NIEMIECKI KLASA 7 J\u0118ZYK HISZPA\u0143SKI KLASA 7 FIZYKA KLASA 7 KLASA 8 CHEMIA KLASA 7 BIOLOGIA KLASA 5 KLASA [&hellip;]<\/p>\n","protected":false},"author":2,"featured_media":0,"parent":0,"menu_order":0,"comment_status":"closed","ping_status":"closed","template":"","meta":{"_uag_custom_page_level_css":"","footnotes":""},"class_list":["post-17365","page","type-page","status-publish","hentry"],"uagb_featured_image_src":{"full":false,"thumbnail":false,"medium":false,"medium_large":false,"large":false,"1536x1536":false,"2048x2048":false,"gurukul-education-featured-image":false,"gurukul-education-thumbnail-avatar":false},"uagb_author_info":{"display_name":"Maria Habryka","author_link":"https:\/\/sp1.imielin.pl\/index.php\/author\/maria\/"},"uagb_comment_info":0,"uagb_excerpt":"EDUKACJA WCZESNOSZKOLNA KLASA 1-3 J\u0118ZYK POLSKI KLASA 4 KLASA 5 KLASA 6 KLASA 7 KLASA 8 MATEMATYKA KLASA 4 KLASA 5 KLASA 6 KLASA 7 J\u0118ZYK ANGIELSKI KLASA 1 KLASA 2 KLASA 3 KLASA 4-8 J\u0118ZYK NIEMIECKI KLASA 7 J\u0118ZYK HISZPA\u0143SKI KLASA 7 FIZYKA KLASA 7 KLASA 8 CHEMIA KLASA 7 BIOLOGIA KLASA 5 KLASA&hellip;","_links":{"self":[{"href":"https:\/\/sp1.imielin.pl\/index.php\/wp-json\/wp\/v2\/pages\/17365","targetHints":{"allow":["GET"]}}],"collection":[{"href":"https:\/\/sp1.imielin.pl\/index.php\/wp-json\/wp\/v2\/pages"}],"about":[{"href":"https:\/\/sp1.imielin.pl\/index.php\/wp-json\/wp\/v2\/types\/page"}],"author":[{"embeddable":true,"href":"https:\/\/sp1.imielin.pl\/index.php\/wp-json\/wp\/v2\/users\/2"}],"replies":[{"embeddable":true,"href":"https:\/\/sp1.imielin.pl\/index.php\/wp-json\/wp\/v2\/comments?post=17365"}],"version-history":[{"count":8,"href":"https:\/\/sp1.imielin.pl\/index.php\/wp-json\/wp\/v2\/pages\/17365\/revisions"}],"predecessor-version":[{"id":26917,"href":"https:\/\/sp1.imielin.pl\/index.php\/wp-json\/wp\/v2\/pages\/17365\/revisions\/26917"}],"wp:attachment":[{"href":"https:\/\/sp1.imielin.pl\/index.php\/wp-json\/wp\/v2\/media?parent=17365"}],"curies":[{"name":"wp","href":"https:\/\/api.w.org\/{rel}","templated":true}]}}