{"id":24406,"date":"2025-02-17T21:51:27","date_gmt":"2025-02-17T20:51:27","guid":{"rendered":"https:\/\/server757128.nazwa.pl\/wordpress\/wpn_stronaSP1\/?page_id=24406"},"modified":"2025-03-19T16:15:19","modified_gmt":"2025-03-19T15:15:19","slug":"skontaktuj-sie-z-nami","status":"publish","type":"page","link":"https:\/\/sp1.imielin.pl\/index.php\/skontaktuj-sie-z-nami\/","title":{"rendered":"Kontakt"},"content":{"rendered":"\n<div class=\"wp-block-columns is-layout-flex wp-container-core-columns-is-layout-9d6595d7 wp-block-columns-is-layout-flex\">\n<div class=\"wp-block-column is-layout-flow wp-block-column-is-layout-flow\">\n<p class=\"has-medium-font-size\">Szko\u0142a Podstawowa Nr 1 im. Powsta\u0144c\u00f3w \u015al\u0105skich w Imielinie<br> ul. Sapety 8<br> 41-407 Imielin<br> <a href=\"mailto:sekretariat@sp1.imielin.pl\">sekretariat@sp1.imielin.pl<\/a> <br> <a href=\"\u201etel:+48322256054\u201d\">tel: +48 32 2256054<\/a> <br><\/p>\n\n\n\n<ul class=\"wp-block-social-links has-visible-labels is-style-default is-horizontal is-content-justification-center is-layout-flex wp-container-core-social-links-is-layout-00ace616 wp-block-social-links-is-layout-flex\"><li class=\"wp-social-link wp-social-link-facebook  wp-block-social-link\"><a href=\"https:\/\/www.facebook.com\/sp1.imielin\/\" class=\"wp-block-social-link-anchor\"><svg width=\"24\" height=\"24\" viewBox=\"0 0 24 24\" version=\"1.1\" xmlns=\"http:\/\/www.w3.org\/2000\/svg\" aria-hidden=\"true\" focusable=\"false\"><path d=\"M12 2C6.5 2 2 6.5 2 12c0 5 3.7 9.1 8.4 9.9v-7H7.9V12h2.5V9.8c0-2.5 1.5-3.9 3.8-3.9 1.1 0 2.2.2 2.2.2v2.5h-1.3c-1.2 0-1.6.8-1.6 1.6V12h2.8l-.4 2.9h-2.3v7C18.3 21.1 22 17 22 12c0-5.5-4.5-10-10-10z\"><\/path><\/svg><span class=\"wp-block-social-link-label\">Facebook<\/span><\/a><\/li><\/ul>\n<\/div>\n\n\n\n<div class=\"wp-block-column is-layout-flow wp-block-column-is-layout-flow\"><\/div>\n<\/div>\n\n\n\n<div class=\"wp-block-getwid-section getwid-anim fadeInUp getwid-section-content-custom-width\" data-wow-duration=\"1500ms\" data-wow-delay=\"100ms\"><div class=\"wp-block-getwid-section__wrapper\"><div class=\"wp-block-getwid-section__inner-wrapper\" style=\"max-width:620px\"><div class=\"wp-block-getwid-section__background-holder\"><div class=\"wp-block-getwid-section__background\"><\/div><div class=\"wp-block-getwid-section__foreground\" style=\"opacity:0.24;background-image:url('https:\/\/sp1.imielin.pl\/wp-content\/uploads\/2025\/02\/infrastruktura-slider_v2.jpg');background-attachment:fixed;background-size:auto;mix-blend-mode:darken\"><\/div><\/div><div class=\"wp-block-getwid-section__content\"><div class=\"wp-block-getwid-section__inner-content\">\t\t\t<div \n\t\t\tclass=\"wp-block-uagb-google-map uagb-google-map__wrap uagb-block-ecfe246a     \"\n\t\t\tstyle=\"\" >\n\t\t\t\t<embed\n\t\t\t\t\tclass=\"uagb-google-map__iframe\"\n\t\t\t\t\ttitle=\"Mapa Google dla \"\n\t\t\t\t\tsrc=\"https:\/\/maps.google.com\/maps?q=Szko%C5%82a%20Podstawowa%20nr%201w%20Imielinie&#038;z=14&#038;hl=pl&#038;t=m&#038;output=embed&#038;iwloc=near\"\n\t\t\t\t\twidth=\"640\"\n\t\t\t\t\theight=\"320\"\n\t\t\t\t\tloading=\"lazy\"\n\t\t\t\t><\/embed>\n\t\t\t<\/div>\n\t\t\t<\/div><\/div><\/div><\/div><\/div>\n","protected":false},"excerpt":{"rendered":"<p>Szko\u0142a Podstawowa Nr 1 im. Powsta\u0144c\u00f3w \u015al\u0105skich w Imielinie ul. Sapety 8 41-407 Imielin sekretariat@sp1.imielin.pl tel: +48 32 2256054<\/p>\n","protected":false},"author":1,"featured_media":0,"parent":0,"menu_order":0,"comment_status":"closed","ping_status":"closed","template":"","meta":{"_uag_custom_page_level_css":"","footnotes":""},"class_list":["post-24406","page","type-page","status-publish","hentry"],"uagb_featured_image_src":{"full":false,"thumbnail":false,"medium":false,"medium_large":false,"large":false,"1536x1536":false,"2048x2048":false,"gurukul-education-featured-image":false,"gurukul-education-thumbnail-avatar":false},"uagb_author_info":{"display_name":"Tadeusz","author_link":"https:\/\/sp1.imielin.pl\/index.php\/author\/tadeusz-bryszgmail-com\/"},"uagb_comment_info":0,"uagb_excerpt":"Szko\u0142a Podstawowa Nr 1 im. Powsta\u0144c\u00f3w \u015al\u0105skich w Imielinie ul. Sapety 8 41-407 Imielin sekretariat@sp1.imielin.pl tel: +48 32 2256054","_links":{"self":[{"href":"https:\/\/sp1.imielin.pl\/index.php\/wp-json\/wp\/v2\/pages\/24406","targetHints":{"allow":["GET"]}}],"collection":[{"href":"https:\/\/sp1.imielin.pl\/index.php\/wp-json\/wp\/v2\/pages"}],"about":[{"href":"https:\/\/sp1.imielin.pl\/index.php\/wp-json\/wp\/v2\/types\/page"}],"author":[{"embeddable":true,"href":"https:\/\/sp1.imielin.pl\/index.php\/wp-json\/wp\/v2\/users\/1"}],"replies":[{"embeddable":true,"href":"https:\/\/sp1.imielin.pl\/index.php\/wp-json\/wp\/v2\/comments?post=24406"}],"version-history":[{"count":41,"href":"https:\/\/sp1.imielin.pl\/index.php\/wp-json\/wp\/v2\/pages\/24406\/revisions"}],"predecessor-version":[{"id":25885,"href":"https:\/\/sp1.imielin.pl\/index.php\/wp-json\/wp\/v2\/pages\/24406\/revisions\/25885"}],"wp:attachment":[{"href":"https:\/\/sp1.imielin.pl\/index.php\/wp-json\/wp\/v2\/media?parent=24406"}],"curies":[{"name":"wp","href":"https:\/\/api.w.org\/{rel}","templated":true}]}}