{"id":4134,"date":"2015-11-20T13:36:34","date_gmt":"2015-11-20T12:36:34","guid":{"rendered":"http:\/\/www.gimnazjumimielin.eu\/?page_id=4134"},"modified":"2026-03-31T15:54:22","modified_gmt":"2026-03-31T13:54:22","slug":"obiady","status":"publish","type":"page","link":"https:\/\/sp1.imielin.pl\/index.php\/obiady\/","title":{"rendered":"Obiady"},"content":{"rendered":"<p style=\"text-align: center;\">SZANOWNI RODZICE I OPIEKUNOWIE<\/p>\n<p style=\"text-align: center;\">Informujemy, \u017ce w zwi\u0105zku z wzrostem cen \u017cywo\u015bci od 1 wrze\u015bnia 2021 r. dzienna stawka \u017cywieniowa za obiad dla ucznia wynosi 6,00 z\u0142. Prosimy o terminowe dokonywanie wp\u0142at za obiady do 10-go ka\u017cdego miesi\u0105ca przelewem na konto bankowe szko\u0142y:<\/p>\n<p style=\"text-align: center;\">Szko\u0142a Podstawowa Nr 1 w Imielinie,<br \/>\nnr konta:<strong> 33 1240 4227 1111 0000 4841 4441<\/strong><br \/>\ntytu\u0142em: wp\u0142ata za obiady za \u2026\u2026\u2026\u2026\u2026\u2026\u2026\u2026\u2026\u2026\u2026\u2026. (prosz\u0119 poda\u0107 miesi\u0105c, imi\u0119 i nazwisko ucznia oraz klas\u0119)<\/p>\n<p>\u00a0<img loading=\"lazy\" decoding=\"async\" class=\"aligncenter wp-image-28115 \" src=\"https:\/\/sp1.imielin.pl\/wp-content\/uploads\/2026\/03\/obiady.jpg\" alt=\"\" width=\"523\" height=\"366\" srcset=\"https:\/\/sp1.imielin.pl\/wp-content\/uploads\/2026\/03\/obiady.jpg 887w, https:\/\/sp1.imielin.pl\/wp-content\/uploads\/2026\/03\/obiady-300x210.jpg 300w, https:\/\/sp1.imielin.pl\/wp-content\/uploads\/2026\/03\/obiady-768x538.jpg 768w\" sizes=\"auto, (max-width: 523px) 100vw, 523px\" \/><\/p>\n<p>&nbsp;<\/p>\n<p><!-- Usuni\u0119ty obrazek o koszcie obiad\u00f3w ******************************************************************\n\n\n<p style=\"text-align: center;\"><img loading=\"lazy\" decoding=\"async\" class=\"alignnone wp-image-13874 size-full\" src=\"https:\/\/sp1.imielin.pl\/wp-content\/uploads\/2015\/11\/KOSZT-OBIADOW1-2.jpg\" alt=\"KOSZT-OBIADOW1\" width=\"585\" height=\"414\" srcset=\"https:\/\/sp1.imielin.pl\/wp-content\/uploads\/2015\/11\/KOSZT-OBIADOW1-2.jpg 585w, https:\/\/sp1.imielin.pl\/wp-content\/uploads\/2015\/11\/KOSZT-OBIADOW1-2-300x212.jpg 300w\" sizes=\"auto, (max-width: 585px) 100vw, 585px\" \/><\/p>\n\n\n******************************************************************************************* --><\/p>\n<p style=\"text-align: center;\"><span style=\"color: #ffffff;\">**<\/span>W przypadku nie korzystania z obiad\u00f3w z powodu: nieobecno\u015bci ucznia w szkole, wycieczki, wyjazdu na konkurs itp. nale\u017cy powiadomi\u0107 intendentk\u0119:<br \/>\ntelefon kontaktowy 32\/225-60-54 (numer wewn\u0119trzny &#8211; 2).<\/p>\n<p style=\"text-align: center;\">WYDAWANIE OBIAD\u00d3W<br \/>\n11.30 &#8211; 11.50<br \/>\n12.35 \u2013 12.55<br \/>\n13.40 \u2013 14.00<\/p>\n<p><!-- Usuni\u0119ty obrazek jad\u0142ospisu ******************************************************************\n\n\n<p style=\"text-align: center;\"><a href=\"https:\/\/sp1.imielin.pl\/wp-content\/uploads\/2015\/11\/JADA_-STRONA-4.pdf\"><img loading=\"lazy\" decoding=\"async\" class=\"alignnone wp-image-14070 size-medium\" src=\"http:\/\/www.sp1.imielin.pl\/wp-content\/uploads\/2015\/11\/c891886ce9514a9e1bc9399566c4e217-0ggggg-213x300.jpg\" alt=\"c891886ce9514a9e1bc9399566c4e217-0ggggg\" width=\"213\" height=\"300\" srcset=\"https:\/\/sp1.imielin.pl\/wp-content\/uploads\/2015\/11\/c891886ce9514a9e1bc9399566c4e217-0ggggg-213x300.jpg 213w, https:\/\/sp1.imielin.pl\/wp-content\/uploads\/2015\/11\/c891886ce9514a9e1bc9399566c4e217-0ggggg.jpg 332w\" sizes=\"auto, (max-width: 213px) 100vw, 213px\" \/><\/a><\/p>\n\n\n******************************************************************************************* --><\/p>\n<p style=\"text-align: center;\"><a href=\"https:\/\/sp1.imielin.pl\/wp-content\/uploads\/2015\/11\/SKM_C30824082614181_0001.pdf\">Regulamin sto\u0142\u00f3wki szkolnej<\/a><\/p>\n<p style=\"text-align: center;\">*******<\/p>\n<p style=\"text-align: center;\"><strong>Zapytanie ofertowe &#8211; dostawa artyku\u0142\u00f3w \u017cywno\u015bciowych do sto\u0142\u00f3wki szkolnej:<\/strong><\/p>\n<p>Dokumenty do pobrania poni\u017cej (pliki pdf):<br \/>\n<a href=\"https:\/\/sp1.imielin.pl\/wp-content\/uploads\/2014\/07\/zapytanie-ofertowe_CCF27112020_0001.pdf\">zapytanie ofertowe &#8211; dostawa artyku\u0142\u00f3w \u017cywno\u015bciowych do sto\u0142\u00f3wki szkolnej<\/a><br \/>\n<a href=\"https:\/\/sp1.imielin.pl\/wp-content\/uploads\/2014\/07\/oferta.pdf\">oferta<\/a><br \/>\n<a href=\"https:\/\/sp1.imielin.pl\/wp-content\/uploads\/2014\/07\/wzor-umowy-2.pdf\">wz\u00f3r umowy<\/a><br \/>\n<a href=\"https:\/\/sp1.imielin.pl\/wp-content\/uploads\/2014\/07\/mieso-3.pdf\">mi\u0119so<\/a><br \/>\n<a href=\"https:\/\/sp1.imielin.pl\/wp-content\/uploads\/2014\/07\/nabial-p.II-1.pdf\">nabia\u0142 p.II<\/a><br \/>\n<a href=\"https:\/\/sp1.imielin.pl\/wp-content\/uploads\/2014\/07\/pieczywo-p.I-1.pdf\">pieczywo p.I<\/a><br \/>\n<a href=\"https:\/\/sp1.imielin.pl\/wp-content\/uploads\/2014\/07\/art-spoz.-p.III-4.pdf\">art. spo\u017cywcze. p.III<\/a><br \/>\n<a href=\"https:\/\/sp1.imielin.pl\/wp-content\/uploads\/2014\/07\/mrozonki-p.V-1.pdf\">mro\u017conki p.V<\/a><br \/>\n<a href=\"https:\/\/sp1.imielin.pl\/wp-content\/uploads\/2014\/07\/ryby-p.IV-3.pdf\">ryby p.IV<\/a><br \/>\n<a href=\"https:\/\/sp1.imielin.pl\/wp-content\/uploads\/2014\/07\/owoce-1.pdf\">owoce<\/a><\/p>\n","protected":false},"excerpt":{"rendered":"<p>SZANOWNI RODZICE I OPIEKUNOWIE Informujemy, \u017ce w zwi\u0105zku z wzrostem cen \u017cywo\u015bci od 1 wrze\u015bnia 2021 r. dzienna stawka \u017cywieniowa za obiad dla ucznia wynosi 6,00 z\u0142. Prosimy o terminowe dokonywanie wp\u0142at za obiady do 10-go ka\u017cdego miesi\u0105ca przelewem na konto bankowe szko\u0142y: Szko\u0142a Podstawowa Nr 1 w Imielinie, nr konta: 33 1240 4227 1111 [&hellip;]<\/p>\n","protected":false},"author":1,"featured_media":0,"parent":0,"menu_order":0,"comment_status":"closed","ping_status":"closed","template":"","meta":{"_uag_custom_page_level_css":"","footnotes":""},"class_list":["post-4134","page","type-page","status-publish","hentry"],"uagb_featured_image_src":{"full":false,"thumbnail":false,"medium":false,"medium_large":false,"large":false,"1536x1536":false,"2048x2048":false,"gurukul-education-featured-image":false,"gurukul-education-thumbnail-avatar":false},"uagb_author_info":{"display_name":"Tadeusz","author_link":"https:\/\/sp1.imielin.pl\/index.php\/author\/tadeusz-bryszgmail-com\/"},"uagb_comment_info":0,"uagb_excerpt":"SZANOWNI RODZICE I OPIEKUNOWIE Informujemy, \u017ce w zwi\u0105zku z wzrostem cen \u017cywo\u015bci od 1 wrze\u015bnia 2021 r. dzienna stawka \u017cywieniowa za obiad dla ucznia wynosi 6,00 z\u0142. Prosimy o terminowe dokonywanie wp\u0142at za obiady do 10-go ka\u017cdego miesi\u0105ca przelewem na konto bankowe szko\u0142y: Szko\u0142a Podstawowa Nr 1 w Imielinie, nr konta: 33 1240 4227 1111&hellip;","_links":{"self":[{"href":"https:\/\/sp1.imielin.pl\/index.php\/wp-json\/wp\/v2\/pages\/4134","targetHints":{"allow":["GET"]}}],"collection":[{"href":"https:\/\/sp1.imielin.pl\/index.php\/wp-json\/wp\/v2\/pages"}],"about":[{"href":"https:\/\/sp1.imielin.pl\/index.php\/wp-json\/wp\/v2\/types\/page"}],"author":[{"embeddable":true,"href":"https:\/\/sp1.imielin.pl\/index.php\/wp-json\/wp\/v2\/users\/1"}],"replies":[{"embeddable":true,"href":"https:\/\/sp1.imielin.pl\/index.php\/wp-json\/wp\/v2\/comments?post=4134"}],"version-history":[{"count":43,"href":"https:\/\/sp1.imielin.pl\/index.php\/wp-json\/wp\/v2\/pages\/4134\/revisions"}],"predecessor-version":[{"id":28117,"href":"https:\/\/sp1.imielin.pl\/index.php\/wp-json\/wp\/v2\/pages\/4134\/revisions\/28117"}],"wp:attachment":[{"href":"https:\/\/sp1.imielin.pl\/index.php\/wp-json\/wp\/v2\/media?parent=4134"}],"curies":[{"name":"wp","href":"https:\/\/api.w.org\/{rel}","templated":true}]}}