{"id":4142,"date":"2015-11-20T14:15:36","date_gmt":"2015-11-20T13:15:36","guid":{"rendered":"http:\/\/www.gimnazjumimielin.eu\/?page_id=4142"},"modified":"2025-02-13T16:45:43","modified_gmt":"2025-02-13T15:45:43","slug":"historia","status":"publish","type":"page","link":"https:\/\/sp1.imielin.pl\/index.php\/historia\/","title":{"rendered":"Historia"},"content":{"rendered":"<p style=\"text-align: center;\"><a href=\"https:\/\/docs.google.com\/presentation\/d\/0B6zvTMxoHNrLNDNqM2NtTG5hMDQ\/edit?usp=sharing&amp;ouid=102321524350435797997&amp;resourcekey=0-fD393cnM8NHvk7FfLXokUQ&amp;rtpof=true&amp;sd=true\">Zobacz z\u0142ot\u0105 ksi\u0119g\u0119\u00a0&#8211; Gimnazjum\u00a0<\/a><\/p>\n<p style=\"text-align: center;\"><a href=\"https:\/\/docs.google.com\/presentation\/d\/1qs3rwX0ETsLB332VVAT5pctbcd4l751N\/edit?usp=sharing&amp;ouid=102321524350435797997&amp;rtpof=true&amp;sd=true\">Zobacz z\u0142ot\u0105 ksi\u0119g\u0119 &#8211; Szko\u0142a Podstawowa<\/a><\/p>\n<p style=\"text-align: center;\"><b><\/b><a href=\"https:\/\/docs.google.com\/presentation\/d\/0B7qUxxK2g7LuaFI2OFJja1o5MUU\/edit?usp=sharing&amp;ouid=102321524350435797997&amp;resourcekey=0-9ntAdVl8qvALm6O4JCVEMw&amp;rtpof=true&amp;sd=true\">Zobacz prezentacj\u0119 o naszej szkole z okazji jubileuszu 70-lecia<\/a><\/p>\n<p style=\"text-align: center;\"><a href=\"https:\/\/docs.google.com\/presentation\/d\/0B6zvTMxoHNrLdlJXV1dDRVZvMTg\/edit?usp=sharing&amp;ouid=102321524350435797997&amp;resourcekey=0-GxE-byA8HFOMMtNWfz0WIA&amp;rtpof=true&amp;sd=true\">Zobacz prezentacj\u0119 o naszej szkole z okazji jubileuszu 80 &#8211; lecia<\/a><\/p>\n<p style=\"text-align: center;\">\u00a0\u00a0\u00a0\u00a0\u00a0\u00a0<a href=\"https:\/\/docs.google.com\/presentation\/d\/0B-FcfN5a54pFN2tjYkVyVUliSUU\/edit?resourcekey=0-ZFNx3DcmOjyHHrQfI_dTjQ#slide=id.p1\"> Zobacz prezentacj\u0119 o gronie pedagogicznym <\/a><\/p>\n","protected":false},"excerpt":{"rendered":"<p>Zobacz z\u0142ot\u0105 ksi\u0119g\u0119\u00a0&#8211; Gimnazjum\u00a0 Zobacz z\u0142ot\u0105 ksi\u0119g\u0119 &#8211; Szko\u0142a Podstawowa Zobacz prezentacj\u0119 o naszej szkole z okazji jubileuszu 70-lecia Zobacz prezentacj\u0119 o naszej szkole z okazji jubileuszu 80 &#8211; lecia \u00a0\u00a0\u00a0\u00a0\u00a0\u00a0 Zobacz prezentacj\u0119 o gronie pedagogicznym<\/p>\n","protected":false},"author":1,"featured_media":0,"parent":0,"menu_order":0,"comment_status":"closed","ping_status":"closed","template":"","meta":{"_uag_custom_page_level_css":"","footnotes":""},"class_list":["post-4142","page","type-page","status-publish","hentry"],"uagb_featured_image_src":{"full":false,"thumbnail":false,"medium":false,"medium_large":false,"large":false,"1536x1536":false,"2048x2048":false,"gurukul-education-featured-image":false,"gurukul-education-thumbnail-avatar":false},"uagb_author_info":{"display_name":"Tadeusz","author_link":"https:\/\/sp1.imielin.pl\/index.php\/author\/tadeusz-bryszgmail-com\/"},"uagb_comment_info":0,"uagb_excerpt":"Zobacz z\u0142ot\u0105 ksi\u0119g\u0119\u00a0&#8211; Gimnazjum\u00a0 Zobacz z\u0142ot\u0105 ksi\u0119g\u0119 &#8211; Szko\u0142a Podstawowa Zobacz prezentacj\u0119 o naszej szkole z okazji jubileuszu 70-lecia Zobacz prezentacj\u0119 o naszej szkole z okazji jubileuszu 80 &#8211; lecia \u00a0\u00a0\u00a0\u00a0\u00a0\u00a0 Zobacz prezentacj\u0119 o gronie pedagogicznym","_links":{"self":[{"href":"https:\/\/sp1.imielin.pl\/index.php\/wp-json\/wp\/v2\/pages\/4142","targetHints":{"allow":["GET"]}}],"collection":[{"href":"https:\/\/sp1.imielin.pl\/index.php\/wp-json\/wp\/v2\/pages"}],"about":[{"href":"https:\/\/sp1.imielin.pl\/index.php\/wp-json\/wp\/v2\/types\/page"}],"author":[{"embeddable":true,"href":"https:\/\/sp1.imielin.pl\/index.php\/wp-json\/wp\/v2\/users\/1"}],"replies":[{"embeddable":true,"href":"https:\/\/sp1.imielin.pl\/index.php\/wp-json\/wp\/v2\/comments?post=4142"}],"version-history":[{"count":1,"href":"https:\/\/sp1.imielin.pl\/index.php\/wp-json\/wp\/v2\/pages\/4142\/revisions"}],"predecessor-version":[{"id":20772,"href":"https:\/\/sp1.imielin.pl\/index.php\/wp-json\/wp\/v2\/pages\/4142\/revisions\/20772"}],"wp:attachment":[{"href":"https:\/\/sp1.imielin.pl\/index.php\/wp-json\/wp\/v2\/media?parent=4142"}],"curies":[{"name":"wp","href":"https:\/\/api.w.org\/{rel}","templated":true}]}}