{"id":4144,"date":"2015-11-20T14:21:47","date_gmt":"2015-11-20T13:21:47","guid":{"rendered":"http:\/\/www.gimnazjumimielin.eu\/?page_id=4144"},"modified":"2025-10-16T09:24:47","modified_gmt":"2025-10-16T07:24:47","slug":"samorzad-uczniowski","status":"publish","type":"page","link":"https:\/\/sp1.imielin.pl\/index.php\/samorzad-uczniowski\/","title":{"rendered":"Samorz\u0105d Uczniowski i Poczet sztandarowy"},"content":{"rendered":"<h1 style=\"text-align: center;\"><strong><span style=\"color: black;\">Samorz\u0105d Uczniowski<\/span><\/strong><\/h1>\n<p>&nbsp;<\/p>\n<p style=\"text-align: center;\"><strong>Przewodnicz\u0105cy &#8211;\u00a0 Bartosz Nowak<\/strong><\/p>\n<p style=\"text-align: center;\"><strong>Zast\u0119pca &#8211; Klara Kope\u0107<\/strong><\/p>\n<p style=\"text-align: center;\"><strong>Sekretarz &#8211; Pawe\u0142 Jochymczyk<\/strong><\/p>\n<p><img loading=\"lazy\" decoding=\"async\" class=\"aligncenter wp-image-27209 size-full\" src=\"https:\/\/sp1.imielin.pl\/wp-content\/uploads\/2025\/10\/samorzad.png\" alt=\"\" width=\"337\" height=\"492\" srcset=\"https:\/\/sp1.imielin.pl\/wp-content\/uploads\/2025\/10\/samorzad.png 337w, https:\/\/sp1.imielin.pl\/wp-content\/uploads\/2025\/10\/samorzad-205x300.png 205w\" sizes=\"auto, (max-width: 337px) 100vw, 337px\" \/><\/p>\n<p style=\"text-align: center;\"><a href=\"https:\/\/sp1.imielin.pl\/wp-content\/uploads\/2015\/11\/Ordynacja-wyborcza-2018-2019.doc\">Ordynacja wyborcza do w\u0142adz Samorz\u0105du Uczniowskiego<\/a><\/p>\n<p><center><\/center><center><\/center><center><\/center><center><\/center><center><\/center><center><\/center><center><\/center><center><\/center><center><\/center><center><\/center><center><\/center><center><\/center><center><\/center><center><\/center><center><\/center><center><\/center><center><\/center><center><\/center><center>Wszystkie propozycje, skargi, uwagi prosimy kierowa\u0107 na skrzynk\u0119 mailow\u0105 lub poprzez kontakt osobisty.<\/center><center><\/center><center>Mail do samorz\u0105du uczniowskiego: gim.imielin@gmail.com<\/center><center><\/center><center><\/center><center><\/center><center>Snapchat: gim.imielin<\/center><center><\/center><center><\/center><center><\/center><center><\/center><center><img loading=\"lazy\" decoding=\"async\" class=\"aligncenter wp-image-4549\" src=\"http:\/\/www.gimnazjumimielin.eu\/wp-content\/uploads\/2015\/11\/snapchat-gimnazjum-300x300.png\" alt=\"Snapcode\" width=\"200\" height=\"200\" srcset=\"https:\/\/sp1.imielin.pl\/wp-content\/uploads\/2015\/11\/snapchat-gimnazjum-300x300.png 300w, https:\/\/sp1.imielin.pl\/wp-content\/uploads\/2015\/11\/snapchat-gimnazjum-150x150.png 150w, https:\/\/sp1.imielin.pl\/wp-content\/uploads\/2015\/11\/snapchat-gimnazjum-768x768.png 768w, https:\/\/sp1.imielin.pl\/wp-content\/uploads\/2015\/11\/snapchat-gimnazjum-100x100.png 100w, https:\/\/sp1.imielin.pl\/wp-content\/uploads\/2015\/11\/snapchat-gimnazjum.png 900w\" sizes=\"auto, (max-width: 200px) 100vw, 200px\" \/>\u00a0<\/center><\/p>\n<h1 style=\"text-align: center;\"><strong>Poczet sztandarowy:<\/strong><\/h1>\n<p style=\"text-align: center;\"><strong>Olivier Zmarzlik<br \/>\n<\/strong>Martyna Buchwald<br \/>\nJagoda Stolarz<\/p>\n<p>&nbsp;<\/p>\n<p>&nbsp;<\/p>\n","protected":false},"excerpt":{"rendered":"<p>Samorz\u0105d Uczniowski &nbsp; Przewodnicz\u0105cy &#8211;\u00a0 Bartosz Nowak Zast\u0119pca &#8211; Klara Kope\u0107 Sekretarz &#8211; Pawe\u0142 Jochymczyk Ordynacja wyborcza do w\u0142adz Samorz\u0105du Uczniowskiego Wszystkie propozycje, skargi, uwagi prosimy kierowa\u0107 na skrzynk\u0119 mailow\u0105 lub poprzez kontakt osobisty.Mail do samorz\u0105du uczniowskiego: gim.imielin@gmail.comSnapchat: gim.imielin\u00a0 Poczet sztandarowy: Olivier Zmarzlik Martyna Buchwald Jagoda Stolarz &nbsp; &nbsp;<\/p>\n","protected":false},"author":1,"featured_media":0,"parent":0,"menu_order":0,"comment_status":"closed","ping_status":"closed","template":"","meta":{"_uag_custom_page_level_css":"","footnotes":""},"class_list":["post-4144","page","type-page","status-publish","hentry"],"uagb_featured_image_src":{"full":false,"thumbnail":false,"medium":false,"medium_large":false,"large":false,"1536x1536":false,"2048x2048":false,"gurukul-education-featured-image":false,"gurukul-education-thumbnail-avatar":false},"uagb_author_info":{"display_name":"Tadeusz","author_link":"https:\/\/sp1.imielin.pl\/index.php\/author\/tadeusz-bryszgmail-com\/"},"uagb_comment_info":0,"uagb_excerpt":"Samorz\u0105d Uczniowski &nbsp; Przewodnicz\u0105cy &#8211;\u00a0 Bartosz Nowak Zast\u0119pca &#8211; Klara Kope\u0107 Sekretarz &#8211; Pawe\u0142 Jochymczyk Ordynacja wyborcza do w\u0142adz Samorz\u0105du Uczniowskiego Wszystkie propozycje, skargi, uwagi prosimy kierowa\u0107 na skrzynk\u0119 mailow\u0105 lub poprzez kontakt osobisty.Mail do samorz\u0105du uczniowskiego: gim.imielin@gmail.comSnapchat: gim.imielin\u00a0 Poczet sztandarowy: Olivier Zmarzlik Martyna Buchwald Jagoda Stolarz &nbsp; &nbsp;","_links":{"self":[{"href":"https:\/\/sp1.imielin.pl\/index.php\/wp-json\/wp\/v2\/pages\/4144","targetHints":{"allow":["GET"]}}],"collection":[{"href":"https:\/\/sp1.imielin.pl\/index.php\/wp-json\/wp\/v2\/pages"}],"about":[{"href":"https:\/\/sp1.imielin.pl\/index.php\/wp-json\/wp\/v2\/types\/page"}],"author":[{"embeddable":true,"href":"https:\/\/sp1.imielin.pl\/index.php\/wp-json\/wp\/v2\/users\/1"}],"replies":[{"embeddable":true,"href":"https:\/\/sp1.imielin.pl\/index.php\/wp-json\/wp\/v2\/comments?post=4144"}],"version-history":[{"count":6,"href":"https:\/\/sp1.imielin.pl\/index.php\/wp-json\/wp\/v2\/pages\/4144\/revisions"}],"predecessor-version":[{"id":27210,"href":"https:\/\/sp1.imielin.pl\/index.php\/wp-json\/wp\/v2\/pages\/4144\/revisions\/27210"}],"wp:attachment":[{"href":"https:\/\/sp1.imielin.pl\/index.php\/wp-json\/wp\/v2\/media?parent=4144"}],"curies":[{"name":"wp","href":"https:\/\/api.w.org\/{rel}","templated":true}]}}