{"id":4151,"date":"2015-11-20T14:25:14","date_gmt":"2015-11-20T13:25:14","guid":{"rendered":"http:\/\/www.gimnazjumimielin.eu\/?page_id=4151"},"modified":"2025-09-25T21:17:02","modified_gmt":"2025-09-25T19:17:02","slug":"caritas","status":"publish","type":"page","link":"https:\/\/sp1.imielin.pl\/index.php\/caritas\/","title":{"rendered":"Caritas"},"content":{"rendered":"<p style=\"text-align: center;\"><strong><span style=\"color: #ff0000;\">SZKOLNE KO\u0141O CARITAS<\/span><\/strong><\/p>\n<p style=\"text-align: center;\"><strong>Spotkania Szkolnego Ko\u0142a \u201eCaritas\u201d odbywaj\u0105 si\u0119<\/strong><\/p>\n<p style=\"text-align: center;\"><strong><span style=\"color: #ff0000;\">we wtorki w godzinach: 14.45 do 15.45<\/span><\/strong><\/p>\n<p style=\"text-align: center;\"><strong>\u00a0Zapraszamy!<\/strong><\/p>\n<p style=\"text-align: justify;\">Szkolne Ko\u0142o Caritas przy Szkole Podstawowej Nr\u00a01 im.\u00a0Powsta\u0144c\u00f3w \u015al\u0105skich w\u00a0Imielinie powsta\u0142o na\u00a0bazie dzia\u0142aj\u0105cego od\u00a0kilku lat w\u00a0naszej szkole Szkolnego Ko\u0142a Wolontariatu. Zosta\u0142o erygowane z\u00a0dniem 1 pa\u017adziernika 2007 roku jako \u015brodowiskowe Ko\u0142o Caritas podleg\u0142e Caritas Archidiecezji Katowickiej. Ko\u0142o dzia\u0142a zgodnie ze\u00a0Statutem Szkolnych K\u00f3\u0142 Caritas za\u00a0zgod\u0105 Dyrekcji\u00a0 i\u00a0w\u00a0porozumieniu i\u00a0wsp\u00f3\u0142prac\u0105 z\u00a0rzymsko-katolick\u0105 parafi\u0105 MB Szkaplerznej w\u00a0Imielinie. Celem Ko\u0142a jest szerzenie i\u00a0realizacja idei mi\u0142osierdzia w\u00a0duchu chrze\u015bcija\u0144skiej mi\u0142o\u015bci bli\u017aniego na\u00a0rzecz potrzebuj\u0105cych wsparcia duchowego i\u00a0materialnego. Opiekunowie i\u00a0cz\u0142onkowie Ko\u0142a s\u0142u\u017c\u0105 innym bezinteresownie w\u00a0duchu wolontariatu po\u015bwi\u0119caj\u0105c sw\u00f3j wolny czas, si\u0142y, inicjatywy i\u00a0zdolno\u015bci dla dobra innych.<\/p>\n<p style=\"text-align: center;\"><strong><span style=\"color: #ff0000;\">Patronem i wzorem osobowym naszego Ko\u0142a jest \u015awi\u0119ty Jan Pawe\u0142 II.<\/span><\/strong><\/p>\n<p><strong>\u00a0<\/strong><\/p>\n<p style=\"text-align: center;\"><strong>\u00a0<\/strong><\/p>\n<p style=\"text-align: center;\"><strong>REGULAMIN SZKOLNEGO KO\u0141A CARITAS<br \/>\n<\/strong><\/p>\n<p style=\"text-align: center;\"><img loading=\"lazy\" decoding=\"async\" class=\"alignnone wp-image-18176 size-full\" src=\"https:\/\/sp1.imielin.pl\/wp-content\/uploads\/2015\/11\/SKM_C30824011613490_0001.jpg\" alt=\"SKM_C30824011613490_0001\" width=\"620\" height=\"877\" srcset=\"https:\/\/sp1.imielin.pl\/wp-content\/uploads\/2015\/11\/SKM_C30824011613490_0001.jpg 620w, https:\/\/sp1.imielin.pl\/wp-content\/uploads\/2015\/11\/SKM_C30824011613490_0001-212x300.jpg 212w\" sizes=\"auto, (max-width: 620px) 100vw, 620px\" \/> <img loading=\"lazy\" decoding=\"async\" class=\"alignnone wp-image-18177 size-full\" src=\"https:\/\/sp1.imielin.pl\/wp-content\/uploads\/2015\/11\/SKM_C30824011613490_0002.jpg\" alt=\"SKM_C30824011613490_0002\" width=\"620\" height=\"877\" srcset=\"https:\/\/sp1.imielin.pl\/wp-content\/uploads\/2015\/11\/SKM_C30824011613490_0002.jpg 620w, https:\/\/sp1.imielin.pl\/wp-content\/uploads\/2015\/11\/SKM_C30824011613490_0002-212x300.jpg 212w\" sizes=\"auto, (max-width: 620px) 100vw, 620px\" \/><\/p>\n","protected":false},"excerpt":{"rendered":"<p>SZKOLNE KO\u0141O CARITAS Spotkania Szkolnego Ko\u0142a \u201eCaritas\u201d odbywaj\u0105 si\u0119 we wtorki w godzinach: 14.45 do 15.45 \u00a0Zapraszamy! Szkolne Ko\u0142o Caritas przy Szkole Podstawowej Nr\u00a01 im.\u00a0Powsta\u0144c\u00f3w \u015al\u0105skich w\u00a0Imielinie powsta\u0142o na\u00a0bazie dzia\u0142aj\u0105cego od\u00a0kilku lat w\u00a0naszej szkole Szkolnego Ko\u0142a Wolontariatu. Zosta\u0142o erygowane z\u00a0dniem 1 pa\u017adziernika 2007 roku jako \u015brodowiskowe Ko\u0142o Caritas podleg\u0142e Caritas Archidiecezji Katowickiej. Ko\u0142o dzia\u0142a zgodnie [&hellip;]<\/p>\n","protected":false},"author":1,"featured_media":0,"parent":0,"menu_order":0,"comment_status":"closed","ping_status":"closed","template":"","meta":{"_uag_custom_page_level_css":"","footnotes":""},"class_list":["post-4151","page","type-page","status-publish","hentry"],"uagb_featured_image_src":{"full":false,"thumbnail":false,"medium":false,"medium_large":false,"large":false,"1536x1536":false,"2048x2048":false,"gurukul-education-featured-image":false,"gurukul-education-thumbnail-avatar":false},"uagb_author_info":{"display_name":"Tadeusz","author_link":"https:\/\/sp1.imielin.pl\/index.php\/author\/tadeusz-bryszgmail-com\/"},"uagb_comment_info":0,"uagb_excerpt":"SZKOLNE KO\u0141O CARITAS Spotkania Szkolnego Ko\u0142a \u201eCaritas\u201d odbywaj\u0105 si\u0119 we wtorki w godzinach: 14.45 do 15.45 \u00a0Zapraszamy! Szkolne Ko\u0142o Caritas przy Szkole Podstawowej Nr\u00a01 im.\u00a0Powsta\u0144c\u00f3w \u015al\u0105skich w\u00a0Imielinie powsta\u0142o na\u00a0bazie dzia\u0142aj\u0105cego od\u00a0kilku lat w\u00a0naszej szkole Szkolnego Ko\u0142a Wolontariatu. Zosta\u0142o erygowane z\u00a0dniem 1 pa\u017adziernika 2007 roku jako \u015brodowiskowe Ko\u0142o Caritas podleg\u0142e Caritas Archidiecezji Katowickiej. Ko\u0142o dzia\u0142a zgodnie&hellip;","_links":{"self":[{"href":"https:\/\/sp1.imielin.pl\/index.php\/wp-json\/wp\/v2\/pages\/4151","targetHints":{"allow":["GET"]}}],"collection":[{"href":"https:\/\/sp1.imielin.pl\/index.php\/wp-json\/wp\/v2\/pages"}],"about":[{"href":"https:\/\/sp1.imielin.pl\/index.php\/wp-json\/wp\/v2\/types\/page"}],"author":[{"embeddable":true,"href":"https:\/\/sp1.imielin.pl\/index.php\/wp-json\/wp\/v2\/users\/1"}],"replies":[{"embeddable":true,"href":"https:\/\/sp1.imielin.pl\/index.php\/wp-json\/wp\/v2\/comments?post=4151"}],"version-history":[{"count":4,"href":"https:\/\/sp1.imielin.pl\/index.php\/wp-json\/wp\/v2\/pages\/4151\/revisions"}],"predecessor-version":[{"id":27008,"href":"https:\/\/sp1.imielin.pl\/index.php\/wp-json\/wp\/v2\/pages\/4151\/revisions\/27008"}],"wp:attachment":[{"href":"https:\/\/sp1.imielin.pl\/index.php\/wp-json\/wp\/v2\/media?parent=4151"}],"curies":[{"name":"wp","href":"https:\/\/api.w.org\/{rel}","templated":true}]}}