{"id":4247,"date":"2015-11-30T14:00:13","date_gmt":"2015-11-30T13:00:13","guid":{"rendered":"http:\/\/www.gimnazjumimielin.eu\/?page_id=4247"},"modified":"2025-09-14T16:59:04","modified_gmt":"2025-09-14T14:59:04","slug":"zebrania-rodzicow","status":"publish","type":"page","link":"https:\/\/sp1.imielin.pl\/index.php\/zebrania-rodzicow\/","title":{"rendered":"Zebrania rodzic\u00f3w"},"content":{"rendered":"<p>28.08.2025 &#8211; zebrania dla rodzic\u00f3w (klasy I godzina 18.00)<br \/>\n04.09.2025 &#8211; zebrania dla rodzic\u00f3w (klasy II-III godzina 17.00, klasy IV-VIII godzina 18.00)<br \/>\n11.12.2025 &#8211; zebrania dla rodzic\u00f3w (klasy I-III godzina 17.00, klasy IV-VIII godzina 18.00)<br \/>\n26.03.2026 &#8211; zebrania dla rodzic\u00f3w (klasy I-III godzina 17.00, klasy IV-VIII godzina 18.00)<br \/>\n28.05.2026 &#8211; konsultacje dla rodzic\u00f3w (klasy I-III godzina 17.00, klasy IV-VIII godzina 18.00)<\/p>\n","protected":false},"excerpt":{"rendered":"<p>28.08.2025 &#8211; zebrania dla rodzic\u00f3w (klasy I godzina 18.00) 04.09.2025 &#8211; zebrania dla rodzic\u00f3w (klasy II-III godzina 17.00, klasy IV-VIII godzina 18.00) 11.12.2025 &#8211; zebrania dla rodzic\u00f3w (klasy I-III godzina 17.00, klasy IV-VIII godzina 18.00) 26.03.2026 &#8211; zebrania dla rodzic\u00f3w (klasy I-III godzina 17.00, klasy IV-VIII godzina 18.00) 28.05.2026 &#8211; konsultacje dla rodzic\u00f3w (klasy I-III [&hellip;]<\/p>\n","protected":false},"author":1,"featured_media":0,"parent":0,"menu_order":0,"comment_status":"closed","ping_status":"closed","template":"","meta":{"_uag_custom_page_level_css":"","footnotes":""},"class_list":["post-4247","page","type-page","status-publish","hentry"],"uagb_featured_image_src":{"full":false,"thumbnail":false,"medium":false,"medium_large":false,"large":false,"1536x1536":false,"2048x2048":false,"gurukul-education-featured-image":false,"gurukul-education-thumbnail-avatar":false},"uagb_author_info":{"display_name":"Tadeusz","author_link":"https:\/\/sp1.imielin.pl\/index.php\/author\/tadeusz-bryszgmail-com\/"},"uagb_comment_info":0,"uagb_excerpt":"28.08.2025 &#8211; zebrania dla rodzic\u00f3w (klasy I godzina 18.00) 04.09.2025 &#8211; zebrania dla rodzic\u00f3w (klasy II-III godzina 17.00, klasy IV-VIII godzina 18.00) 11.12.2025 &#8211; zebrania dla rodzic\u00f3w (klasy I-III godzina 17.00, klasy IV-VIII godzina 18.00) 26.03.2026 &#8211; zebrania dla rodzic\u00f3w (klasy I-III godzina 17.00, klasy IV-VIII godzina 18.00) 28.05.2026 &#8211; konsultacje dla rodzic\u00f3w (klasy I-III&hellip;","_links":{"self":[{"href":"https:\/\/sp1.imielin.pl\/index.php\/wp-json\/wp\/v2\/pages\/4247","targetHints":{"allow":["GET"]}}],"collection":[{"href":"https:\/\/sp1.imielin.pl\/index.php\/wp-json\/wp\/v2\/pages"}],"about":[{"href":"https:\/\/sp1.imielin.pl\/index.php\/wp-json\/wp\/v2\/types\/page"}],"author":[{"embeddable":true,"href":"https:\/\/sp1.imielin.pl\/index.php\/wp-json\/wp\/v2\/users\/1"}],"replies":[{"embeddable":true,"href":"https:\/\/sp1.imielin.pl\/index.php\/wp-json\/wp\/v2\/comments?post=4247"}],"version-history":[{"count":3,"href":"https:\/\/sp1.imielin.pl\/index.php\/wp-json\/wp\/v2\/pages\/4247\/revisions"}],"predecessor-version":[{"id":26921,"href":"https:\/\/sp1.imielin.pl\/index.php\/wp-json\/wp\/v2\/pages\/4247\/revisions\/26921"}],"wp:attachment":[{"href":"https:\/\/sp1.imielin.pl\/index.php\/wp-json\/wp\/v2\/media?parent=4247"}],"curies":[{"name":"wp","href":"https:\/\/api.w.org\/{rel}","templated":true}]}}