{"id":4274,"date":"2015-11-30T14:47:37","date_gmt":"2015-11-30T13:47:37","guid":{"rendered":"http:\/\/www.gimnazjumimielin.eu\/?page_id=4274"},"modified":"2026-02-07T18:27:07","modified_gmt":"2026-02-07T17:27:07","slug":"rekrutacja","status":"publish","type":"page","link":"https:\/\/sp1.imielin.pl\/index.php\/rekrutacja\/","title":{"rendered":"Rekrutacja"},"content":{"rendered":"<h4><strong>Rekrutacja na rok szkolny 2026\/2027<\/strong><\/h4>\n<p><a href=\"https:\/\/sp1.imielin.pl\/wp-content\/uploads\/2026\/02\/BM.0050.3.2026.pdf\">Zarz\u0105dzenie Nr BM.0050.3.2026 Burmistrza Miasta Imielin z dnia 8 stycznia 2026 r. w sprawie okre\u015blenia termin\u00f3w przeprowadzenie post\u0119powania rekrutacyjnego i post\u0119powania uzupe\u0142niaj\u0105cego, w tym termin\u00f3w sk\u0142adania dokument\u00f3w na rok szkolny 2026\/2027 do szk\u00f3\u0142 podstawowych, dla kt\u00f3rych organem prowadz\u0105cym jest Miasto Imielin.<\/a><\/p>\n<p><a href=\"https:\/\/sp1.imielin.pl\/wp-content\/uploads\/2025\/01\/Uchwala-IX.66.2019-obwody.pdf\">Uchwa\u0142a nr IX\/66\/2019 Rady Miasta Imielin z dnia 26 czerwca 2019 r. w sprawie ustalenia sieci szk\u00f3\u0142 podstawowych prowadzonych przez Miasto Imielin oraz granic ich obwod\u00f3w.\u00a0<\/a><\/p>\n<p><a href=\"https:\/\/sp1.imielin.pl\/wp-content\/uploads\/2025\/01\/Uchwala-o-kryteriach-naboru.pdf\">Uchwa\u0142a nr XXVII\/178\/2017 z dnia 28 lutego 2019 r. w sprawie okre\u015blenia kryteri\u00f3w, liczby punkt\u00f3w za kryteria oraz dokument\u00f3w niezb\u0119dnych do potwierdzenia tych kryteri\u00f3w, obowi\u0105zuj\u0105cych w post\u0119powaniu rekrutacyjnym dla kandydat\u00f3w do klas pierwszych szk\u00f3\u0142 podstawowych, dla kt\u00f3rych organem prowadz\u0105cym jest Miasto Imielin, zamieszka\u0142ych poza obwodem szko\u0142y.\u00a0<\/a><\/p>\n<p><strong>\u00a0<\/strong><\/p>\n<h6>PLIKI DO POBRANIA &#8211; KLASY <strong>PIERWSZE<\/strong>:<\/h6>\n<table style=\"height: 233px; width: 607px;\">\n<tbody>\n<tr>\n<td style=\"width: 436px; border-color: #e0dede; text-align: center;\"><em>nazwa dokumentu<\/em><\/td>\n<td style=\"width: 77px; border-color: #e0dede; text-align: center;\"><em>.docx<\/em><\/td>\n<td style=\"width: 72px; border-color: #e0dede; text-align: center;\"><em>.pdf<\/em><\/td>\n<\/tr>\n<tr>\n<td style=\"width: 436px; border-color: #e0dede;\">Zasady i harmonogram przyj\u0119\u0107<\/td>\n<td style=\"width: 77px; border-color: #e0dede; text-align: center;\">&#8212;<\/td>\n<td style=\"width: 72px; border-color: #e0dede; text-align: center;\"><a href=\"https:\/\/sp1.imielin.pl\/wp-content\/uploads\/2026\/02\/BM.0050.3.2026.pdf\"><img loading=\"lazy\" decoding=\"async\" class=\"alignnone\" src=\"http:\/\/www.sp1.imielin.pl\/wp-content\/uploads\/2014\/07\/pdf-icon-small.png\" alt=\"\" width=\"70\" height=\"25\" \/><\/a><\/td>\n<\/tr>\n<tr>\n<td style=\"width: 436px; border-color: #e0dede;\">Zg\u0142oszenie dziecka w obwodzie kl 1 2026_2027<\/td>\n<td style=\"width: 77px; border-color: #e0dede; text-align: center;\"><a href=\"https:\/\/sp1.imielin.pl\/wp-content\/uploads\/2026\/02\/ZGLOSZENIE-DZIECKA-DO-KLASY-PIERWSZEJ-W-OBWODZIE-SZKOLY-PODSTAWOWEJ.docx\"><img loading=\"lazy\" decoding=\"async\" class=\"alignnone\" src=\"http:\/\/www.sp1.imielin.pl\/wp-content\/uploads\/2014\/07\/Ms-Word-icon.png\" alt=\"plik .docx\" width=\"28\" height=\"26\" \/><\/a><\/td>\n<td style=\"width: 72px; border-color: #e0dede; text-align: center;\"><a href=\"https:\/\/sp1.imielin.pl\/wp-content\/uploads\/2026\/02\/ZGLOSZENIE-DZIECKA-DO-KLASY-PIERWSZEJ-W-OBWODZIE-SZKOLY-PODSTAWOWEJ.pdf\"><img loading=\"lazy\" decoding=\"async\" class=\"alignnone\" src=\"http:\/\/www.sp1.imielin.pl\/wp-content\/uploads\/2014\/07\/pdf-icon-small.png\" alt=\"\" width=\"70\" height=\"25\" \/><\/a><\/td>\n<\/tr>\n<tr>\n<td style=\"width: 436px; border-color: #e0dede;\">Wniosek o przyj\u0119cie dziecka<\/td>\n<td style=\"width: 77px; border-color: #e0dede; text-align: center;\"><a href=\"https:\/\/sp1.imielin.pl\/wp-content\/uploads\/2026\/02\/WNIOSEK-O-PRZYJECIE-DZIECKA-DO-KLASY-PIERWSZEJ.docx\"><img loading=\"lazy\" decoding=\"async\" class=\"alignnone\" src=\"http:\/\/www.sp1.imielin.pl\/wp-content\/uploads\/2014\/07\/Ms-Word-icon.png\" alt=\"\" width=\"28\" height=\"26\" \/><\/a><\/td>\n<td style=\"width: 72px; border-color: #e0dede; text-align: center;\"><span style=\"color: #0000ff;\"><strong><a href=\"https:\/\/sp1.imielin.pl\/wp-content\/uploads\/2026\/02\/WNIOSEK-O-PRZYJECIE-DZIECKA-DO-KLASY-PIERWSZEJ.pdf\"><img loading=\"lazy\" decoding=\"async\" class=\"alignnone\" src=\"http:\/\/www.sp1.imielin.pl\/wp-content\/uploads\/2014\/07\/pdf-icon-small.png\" alt=\"\" width=\"70\" height=\"25\" \/><\/a><br \/>\n<\/strong><\/span><\/td>\n<\/tr>\n<tr>\n<td style=\"width: 436px; border-color: #e0dede;\" rowspan=\"2\">Kryteria rekrutacji\u00a0dla kandydat\u00f3w spoza obwodu<\/td>\n<td style=\"width: 77px; border-color: #e0dede; text-align: center;\" rowspan=\"2\">&#8212;<\/td>\n<td style=\"width: 72px; border-color: #e0dede; text-align: center;\"><a href=\"https:\/\/sp1.imielin.pl\/wp-content\/uploads\/2014\/07\/Uchwala-o-kryteriach-naboru.pdf\"><img loading=\"lazy\" decoding=\"async\" class=\"alignnone\" src=\"http:\/\/www.sp1.imielin.pl\/wp-content\/uploads\/2014\/07\/pdf-icon-small.png\" alt=\"\" width=\"70\" height=\"25\" \/><\/a><\/td>\n<\/tr>\n<tr>\n<td style=\"width: 72px; border-color: #e0dede; text-align: center;\"><a href=\"https:\/\/sp1.imielin.pl\/wp-content\/uploads\/2014\/07\/Uchwala-IX.66.2019-obwody.pdf\"><img loading=\"lazy\" decoding=\"async\" class=\"alignnone\" src=\"http:\/\/www.sp1.imielin.pl\/wp-content\/uploads\/2014\/07\/pdf-icon-small.png\" alt=\"\" width=\"70\" height=\"25\" \/><\/a><\/td>\n<\/tr>\n<tr>\n<td style=\"width: 436px; border-color: #e0dede;\">Potwierdzenie woli\u00a0kl 1<\/td>\n<td style=\"width: 77px; border-color: #e0dede; text-align: center;\"><a href=\"https:\/\/sp1.imielin.pl\/wp-content\/uploads\/2026\/02\/POTWIERDZENIE-WOLI-2026-2027.docx\"><img loading=\"lazy\" decoding=\"async\" class=\"alignnone\" src=\"http:\/\/www.sp1.imielin.pl\/wp-content\/uploads\/2014\/07\/Ms-Word-icon.png\" alt=\"\" width=\"28\" height=\"26\" \/><\/a><\/td>\n<td style=\"width: 72px; border-color: #e0dede; text-align: center;\"><a href=\"https:\/\/sp1.imielin.pl\/wp-content\/uploads\/2026\/02\/POTWIERDZENIE-WOLI-2026-2027.pdf\"><img loading=\"lazy\" decoding=\"async\" class=\"alignnone\" src=\"http:\/\/www.sp1.imielin.pl\/wp-content\/uploads\/2014\/07\/pdf-icon-small.png\" alt=\"\" width=\"70\" height=\"25\" \/><\/a><\/td>\n<\/tr>\n<tr>\n<td style=\"width: 436px; border-color: #e0dede;\">Informacja o przetwarzaniu danych osobowych<\/td>\n<td style=\"width: 77px; border-color: #e0dede; text-align: center;\">&#8212;<\/td>\n<td style=\"width: 72px; border-color: #e0dede; text-align: center;\"><a href=\"https:\/\/sp1.imielin.pl\/wp-content\/uploads\/2026\/02\/klauzula-informacyjna-rekrutacja.pdf\"><img loading=\"lazy\" decoding=\"async\" class=\"alignnone\" src=\"http:\/\/www.sp1.imielin.pl\/wp-content\/uploads\/2014\/07\/pdf-icon-small.png\" alt=\"\" width=\"70\" height=\"25\" \/><\/a><\/td>\n<\/tr>\n<\/tbody>\n<\/table>\n<p>&nbsp;<\/p>\n<div hidden=\"\">\n<p><strong>\u00a0<\/strong><\/p>\n<h2>\u00a0PLIKI DO POBRANIA &#8211; KLASY\u00a0<strong>CZWARTE<\/strong>:<\/h2>\n<table style=\"height: 233px; width: 607px;\">\n<tbody>\n<tr>\n<td style=\"width: 440px; border-color: #e0dede; text-align: center;\"><em>nazwa dokumentu<\/em><\/td>\n<td style=\"width: 77px; border-color: #e0dede; text-align: center;\"><em>.docx<\/em><\/td>\n<td style=\"width: 68px; border-color: #e0dede; text-align: center;\"><em>.pdf<\/em><\/td>\n<\/tr>\n<tr>\n<td style=\"width: 440px; border-color: #e0dede;\">Zasady i harmonogram przyj\u0119\u0107<\/td>\n<td style=\"width: 77px; border-color: #e0dede; text-align: center;\">&#8212;<\/td>\n<td style=\"width: 68px; border-color: #e0dede; text-align: center;\"><a href=\"http:\/\/www.sp1.imielin.pl\/wp-content\/uploads\/2015\/11\/ZASADY-i-HARMONOGRAM-PRZYJ\u0118\u0106_2023_2024-1.pdf\"><img loading=\"lazy\" decoding=\"async\" class=\"alignnone\" src=\"http:\/\/www.sp1.imielin.pl\/wp-content\/uploads\/2014\/07\/pdf-icon-small.png\" width=\"68\" height=\"24\" \/><\/a><\/td>\n<\/tr>\n<tr>\n<td style=\"width: 440px; border-color: #e0dede;\">Zg\u0142oszenie dziecka w obwodzie kl\u00a04 2024_2025<\/td>\n<td style=\"width: 77px; border-color: #e0dede; text-align: center;\"><a href=\"https:\/\/www.dropbox.com\/scl\/fi\/cc5ky7drg7lpviyhar931\/ZG-OSZENIE-DZIECKA-DO-KLASY-czwartej-W-OBWODZIE-SZKO-Y-PODSTAWOWEJ-2024-2025.docx?rlkey=5c3g76pugsgqru07zakcxcb4m&amp;dl=0\"><img loading=\"lazy\" decoding=\"async\" class=\"alignnone\" src=\"http:\/\/www.sp1.imielin.pl\/wp-content\/uploads\/2014\/07\/Ms-Word-icon.png\" width=\"28\" height=\"26\" \/><\/a><\/td>\n<td style=\"width: 68px; border-color: #e0dede; text-align: center;\"><a href=\"http:\/\/www.sp1.imielin.pl\/wp-content\/uploads\/2015\/11\/ZG\u0141OSZENIE-DZIECKA-DO-KLASY-czwartej-W-OBWODZIE-SZKO\u0141Y-PODSTAWOWEJ-2024-2025.pdf\"><img loading=\"lazy\" decoding=\"async\" class=\"alignnone\" src=\"http:\/\/www.sp1.imielin.pl\/wp-content\/uploads\/2014\/07\/pdf-icon-small.png\" width=\"68\" height=\"24\" \/><\/a><\/td>\n<\/tr>\n<tr>\n<td style=\"width: 440px; border-color: #e0dede;\">Wniosek o przyj\u0119cie dziecka<\/td>\n<td style=\"width: 77px; border-color: #e0dede; text-align: center;\"><strong><span style=\"color: #0000ff;\"><a href=\"https:\/\/www.dropbox.com\/scl\/fi\/fh510mcxd60926hzescg4\/WNIOSEK-DO-KLASY-czwartej-W-OBWODZIE-SZKO-Y-PODSTAWOWEJ-2024-2025.docx?rlkey=5n7v10lft9yqvsrifyv01pvtt&amp;dl=0\"><img loading=\"lazy\" decoding=\"async\" class=\"alignnone\" src=\"http:\/\/www.sp1.imielin.pl\/wp-content\/uploads\/2014\/07\/Ms-Word-icon.png\" width=\"28\" height=\"26\" \/><\/a><br \/>\n<\/span><\/strong><\/td>\n<td style=\"width: 68px; border-color: #e0dede; text-align: center;\"><a href=\"http:\/\/www.sp1.imielin.pl\/wp-content\/uploads\/2015\/11\/WNIOSEK-DO-KLASY-czwartej-W-OBWODZIE-SZKO\u0141Y-PODSTAWOWEJ-2024-2025.pdf\"><img loading=\"lazy\" decoding=\"async\" class=\"alignnone\" src=\"http:\/\/www.sp1.imielin.pl\/wp-content\/uploads\/2014\/07\/pdf-icon-small.png\" width=\"68\" height=\"24\" \/><\/a><\/td>\n<\/tr>\n<tr>\n<td style=\"width: 440px; border-color: #e0dede;\">Potwierdzenie woli\u00a0kl\u00a04<\/td>\n<td style=\"width: 77px; border-color: #e0dede; text-align: center;\"><a href=\"https:\/\/www.dropbox.com\/scl\/fi\/z13bg2r72mfo4vmiohkfv\/POTWIERDZENIE-WOLI_KL_4_2023-2024.docx?dl=0&amp;rlkey=pfi1zjf7lphxxjl8bqqw2etx0\"><img loading=\"lazy\" decoding=\"async\" class=\"alignnone\" src=\"http:\/\/www.sp1.imielin.pl\/wp-content\/uploads\/2014\/07\/Ms-Word-icon.png\" width=\"28\" height=\"26\" \/><\/a><\/td>\n<td style=\"width: 68px; border-color: #e0dede; text-align: center;\"><a href=\"http:\/\/www.sp1.imielin.pl\/wp-content\/uploads\/2015\/11\/POTWIERDZENIE-WOLI_KL_4_2023-2024.pdf\"><img loading=\"lazy\" decoding=\"async\" class=\"alignnone\" src=\"http:\/\/www.sp1.imielin.pl\/wp-content\/uploads\/2014\/07\/pdf-icon-small.png\" width=\"68\" height=\"24\" \/><\/a><\/td>\n<\/tr>\n<tr>\n<td style=\"width: 440px; border-color: #e0dede;\">Pr\u00f3by sprawno\u015bci fizycznej kl 4 (klasa z dodatkowym wf)<\/td>\n<td style=\"width: 77px; border-color: #e0dede; text-align: center;\">&#8212;<\/td>\n<td style=\"width: 68px; border-color: #e0dede; text-align: center;\"><a href=\"http:\/\/www.sp1.imielin.pl\/wp-content\/uploads\/2015\/11\/Pr\u00f3by-sprawno\u015bci-fizycznej_kl_4_2023_2024.pdf\"><img loading=\"lazy\" decoding=\"async\" class=\"alignnone\" src=\"http:\/\/www.sp1.imielin.pl\/wp-content\/uploads\/2014\/07\/pdf-icon-small.png\" width=\"68\" height=\"24\" \/><\/a><\/td>\n<\/tr>\n<tr>\n<td style=\"width: 440px; border-color: #e0dede;\">Informacja o przetwarzaniu danych osobowych<\/td>\n<td style=\"width: 77px; border-color: #e0dede; text-align: center;\">&#8212;<\/td>\n<td style=\"width: 68px; border-color: #e0dede; text-align: center;\"><a href=\"http:\/\/www.sp1.imielin.pl\/wp-content\/uploads\/2014\/07\/IO_REKRUTACJI-DZIECKA-DO-SZKO\u0141Y-PRZYJE\u0328TEGO-I-NIE-PRZYJE\u0328TEGO-1.pdf\"><img loading=\"lazy\" decoding=\"async\" class=\"alignnone\" src=\"http:\/\/www.sp1.imielin.pl\/wp-content\/uploads\/2014\/07\/pdf-icon-small.png\" width=\"68\" height=\"24\" \/><\/a><\/td>\n<\/tr>\n<\/tbody>\n<\/table>\n<\/div>\n","protected":false},"excerpt":{"rendered":"<p>Rekrutacja na rok szkolny 2026\/2027 Zarz\u0105dzenie Nr BM.0050.3.2026 Burmistrza Miasta Imielin z dnia 8 stycznia 2026 r. w sprawie okre\u015blenia termin\u00f3w przeprowadzenie post\u0119powania rekrutacyjnego i post\u0119powania uzupe\u0142niaj\u0105cego, w tym termin\u00f3w sk\u0142adania dokument\u00f3w na rok szkolny 2026\/2027 do szk\u00f3\u0142 podstawowych, dla kt\u00f3rych organem prowadz\u0105cym jest Miasto Imielin. Uchwa\u0142a nr IX\/66\/2019 Rady Miasta Imielin z dnia 26 [&hellip;]<\/p>\n","protected":false},"author":3,"featured_media":0,"parent":0,"menu_order":0,"comment_status":"closed","ping_status":"closed","template":"","meta":{"_uag_custom_page_level_css":"","footnotes":""},"class_list":["post-4274","page","type-page","status-publish","hentry"],"uagb_featured_image_src":{"full":false,"thumbnail":false,"medium":false,"medium_large":false,"large":false,"1536x1536":false,"2048x2048":false,"gurukul-education-featured-image":false,"gurukul-education-thumbnail-avatar":false},"uagb_author_info":{"display_name":"Tadeusz Brysz","author_link":"https:\/\/sp1.imielin.pl\/index.php\/author\/tadeusz\/"},"uagb_comment_info":0,"uagb_excerpt":"Rekrutacja na rok szkolny 2026\/2027 Zarz\u0105dzenie Nr BM.0050.3.2026 Burmistrza Miasta Imielin z dnia 8 stycznia 2026 r. w sprawie okre\u015blenia termin\u00f3w przeprowadzenie post\u0119powania rekrutacyjnego i post\u0119powania uzupe\u0142niaj\u0105cego, w tym termin\u00f3w sk\u0142adania dokument\u00f3w na rok szkolny 2026\/2027 do szk\u00f3\u0142 podstawowych, dla kt\u00f3rych organem prowadz\u0105cym jest Miasto Imielin. Uchwa\u0142a nr IX\/66\/2019 Rady Miasta Imielin z dnia 26&hellip;","_links":{"self":[{"href":"https:\/\/sp1.imielin.pl\/index.php\/wp-json\/wp\/v2\/pages\/4274","targetHints":{"allow":["GET"]}}],"collection":[{"href":"https:\/\/sp1.imielin.pl\/index.php\/wp-json\/wp\/v2\/pages"}],"about":[{"href":"https:\/\/sp1.imielin.pl\/index.php\/wp-json\/wp\/v2\/types\/page"}],"author":[{"embeddable":true,"href":"https:\/\/sp1.imielin.pl\/index.php\/wp-json\/wp\/v2\/users\/3"}],"replies":[{"embeddable":true,"href":"https:\/\/sp1.imielin.pl\/index.php\/wp-json\/wp\/v2\/comments?post=4274"}],"version-history":[{"count":22,"href":"https:\/\/sp1.imielin.pl\/index.php\/wp-json\/wp\/v2\/pages\/4274\/revisions"}],"predecessor-version":[{"id":27888,"href":"https:\/\/sp1.imielin.pl\/index.php\/wp-json\/wp\/v2\/pages\/4274\/revisions\/27888"}],"wp:attachment":[{"href":"https:\/\/sp1.imielin.pl\/index.php\/wp-json\/wp\/v2\/media?parent=4274"}],"curies":[{"name":"wp","href":"https:\/\/api.w.org\/{rel}","templated":true}]}}