{"id":4432,"date":"2016-01-19T21:06:40","date_gmt":"2016-01-19T20:06:40","guid":{"rendered":"http:\/\/www.gimnazjumimielin.eu\/?page_id=4432"},"modified":"2025-03-07T19:48:34","modified_gmt":"2025-03-07T18:48:34","slug":"squash","status":"publish","type":"page","link":"https:\/\/sp1.imielin.pl\/index.php\/squash\/","title":{"rendered":"SQUASH &#8211; informacje dotycz\u0105ce rezerwacji"},"content":{"rendered":"\n<p>Od dnia 10 marca 2025 wprowadzamy rezerwacj\u0119 kort\u00f3w SQUASH poprzez formularz internetowy znajduj\u0105cy si\u0119 poni\u017cej.<br>Rezerwacji mo\u017cna dokona\u0107 nie p\u00f3\u017aniej ni\u017c 4 godziny przed terminem. <br>Je\u017celi wyst\u0119puje problem z rezerwacj\u0105 na dwie godziny, prosz\u0119 dokona\u0107 dw\u00f3ch rezerwacji po jednej godzinie.<br><strong>Na sobot\u0119 i niedziel\u0119<\/strong> obowi\u0105zuje <strong>rezerwacja telefoniczna<\/strong> pod numerem telefonu: <a href=\"tel:+48514100714\"><strong> +48 514 100 714 <\/strong><\/a> (rezerwacji prosz\u0119 dokonywa\u0107 najp\u00f3\u017aniej do godziny 12:00 w pi\u0105tek).<\/p>\n\n\n\n<div class=\"wp-block-columns is-layout-flex wp-container-core-columns-is-layout-9d6595d7 wp-block-columns-is-layout-flex\">\n<div class=\"wp-block-column is-layout-flow wp-block-column-is-layout-flow\">\n<p><p>Kort nr 1<br><\/p>\n<iframe loading=\"lazy\" src=\"https:\/\/koalendar.com\/e\/rezerwacja-kortu-1?embed=true\" width=\"100%\" height=\"800px\" frameborder=\"0\"><\/iframe><\/p>\n<\/div>\n\n\n\n<div class=\"wp-block-column is-layout-flow wp-block-column-is-layout-flow\">\n<p><p>Kort nr -2-<br><\/p>\n<iframe loading=\"lazy\" src=\"https:\/\/koalendar.com\/e\/meet-with-danuta-k?embed=true\" width=\"100%\" height=\"800px\" frameborder=\"0\"><\/iframe>\n<\/div>\n<\/div>\n\n\n<p><img loading=\"lazy\" decoding=\"async\" class=\"aligncenter size-large wp-image-4427\" src=\"https:\/\/sp1.imielin.pl\/wp-content\/uploads\/2025\/03\/cennik-squash-e1453233927625-1024x532_v6.jpg\" alt=\"Cennik\" width=\"1024\" height=\"532\" \/><\/p>","protected":false},"excerpt":{"rendered":"<p>Od dnia 10 marca 2025 wprowadzamy rezerwacj\u0119 kort\u00f3w SQUASH poprzez formularz internetowy znajduj\u0105cy si\u0119 poni\u017cej.Rezerwacji mo\u017cna dokona\u0107 nie p\u00f3\u017aniej ni\u017c 4 godziny przed terminem. Je\u017celi wyst\u0119puje problem z rezerwacj\u0105 na dwie godziny, prosz\u0119 dokona\u0107 dw\u00f3ch rezerwacji po jednej godzinie.Na sobot\u0119 i niedziel\u0119 obowi\u0105zuje rezerwacja telefoniczna pod numerem telefonu: +48 514 100 714 (rezerwacji prosz\u0119 dokonywa\u0107 [&hellip;]<\/p>\n","protected":false},"author":3,"featured_media":0,"parent":0,"menu_order":0,"comment_status":"closed","ping_status":"closed","template":"","meta":{"_uag_custom_page_level_css":"","footnotes":""},"class_list":["post-4432","page","type-page","status-publish","hentry"],"uagb_featured_image_src":{"full":false,"thumbnail":false,"medium":false,"medium_large":false,"large":false,"1536x1536":false,"2048x2048":false,"gurukul-education-featured-image":false,"gurukul-education-thumbnail-avatar":false},"uagb_author_info":{"display_name":"Tadeusz Brysz","author_link":"https:\/\/sp1.imielin.pl\/index.php\/author\/tadeusz\/"},"uagb_comment_info":0,"uagb_excerpt":"Od dnia 10 marca 2025 wprowadzamy rezerwacj\u0119 kort\u00f3w SQUASH poprzez formularz internetowy znajduj\u0105cy si\u0119 poni\u017cej.Rezerwacji mo\u017cna dokona\u0107 nie p\u00f3\u017aniej ni\u017c 4 godziny przed terminem. Je\u017celi wyst\u0119puje problem z rezerwacj\u0105 na dwie godziny, prosz\u0119 dokona\u0107 dw\u00f3ch rezerwacji po jednej godzinie.Na sobot\u0119 i niedziel\u0119 obowi\u0105zuje rezerwacja telefoniczna pod numerem telefonu: +48 514 100 714 (rezerwacji prosz\u0119 dokonywa\u0107&hellip;","_links":{"self":[{"href":"https:\/\/sp1.imielin.pl\/index.php\/wp-json\/wp\/v2\/pages\/4432","targetHints":{"allow":["GET"]}}],"collection":[{"href":"https:\/\/sp1.imielin.pl\/index.php\/wp-json\/wp\/v2\/pages"}],"about":[{"href":"https:\/\/sp1.imielin.pl\/index.php\/wp-json\/wp\/v2\/types\/page"}],"author":[{"embeddable":true,"href":"https:\/\/sp1.imielin.pl\/index.php\/wp-json\/wp\/v2\/users\/3"}],"replies":[{"embeddable":true,"href":"https:\/\/sp1.imielin.pl\/index.php\/wp-json\/wp\/v2\/comments?post=4432"}],"version-history":[{"count":24,"href":"https:\/\/sp1.imielin.pl\/index.php\/wp-json\/wp\/v2\/pages\/4432\/revisions"}],"predecessor-version":[{"id":25771,"href":"https:\/\/sp1.imielin.pl\/index.php\/wp-json\/wp\/v2\/pages\/4432\/revisions\/25771"}],"wp:attachment":[{"href":"https:\/\/sp1.imielin.pl\/index.php\/wp-json\/wp\/v2\/media?parent=4432"}],"curies":[{"name":"wp","href":"https:\/\/api.w.org\/{rel}","templated":true}]}}