{"id":4829,"date":"2016-04-06T15:04:06","date_gmt":"2016-04-06T13:04:06","guid":{"rendered":"http:\/\/www.gimnazjumimielin.eu\/?page_id=4829"},"modified":"2025-09-06T13:23:28","modified_gmt":"2025-09-06T11:23:28","slug":"pedagog-szkolny","status":"publish","type":"page","link":"https:\/\/sp1.imielin.pl\/index.php\/pedagog-szkolny\/","title":{"rendered":"Pedagog i psycholog szkolny"},"content":{"rendered":"<p style=\"text-align: center;\"><strong>Pedagog szkolny &#8211; Halina Sorek<br \/>\n<\/strong><\/p>\n<p style=\"text-align: center;\"><strong>Godziny pracy:<\/strong><\/p>\n<p style=\"text-align: center;\"><strong>Wtorek: 11.00 &#8211; 16.00<\/strong><\/p>\n<p style=\"text-align: center;\"><strong>\u015aroda: 8.00 &#8211; 14.00<\/strong><\/p>\n<p style=\"text-align: center;\"><strong>Czwartek: 11.00 &#8211; 16.00<br \/>\n<\/strong><\/p>\n<p style=\"text-align: center;\"><strong>Pi\u0105tek: 8.00 &#8211; 14.00<\/strong><\/p>\n<p style=\"text-align: center;\"><strong><br \/>\nPsycholog szkolny &#8211; Paulina Czekaj<\/strong><\/p>\n<p style=\"text-align: center;\"><strong>Godziny pracy:<\/strong><\/p>\n<p style=\"text-align: center;\"><strong>Poniedzia\u0142ek: 7.30 &#8211; 16.00<\/strong><\/p>\n<p style=\"text-align: center;\"><strong>Wtorek: 7.30 &#8211; 13.00<\/strong><\/p>\n<p style=\"text-align: center;\">\u00a0\u00a0\u00a0\u00a0<strong> \u015aroda: 7.30 &#8211; 16.00<br \/>\n<\/strong><\/p>\n<p style=\"text-align: center;\"><strong>Czwartek: 7.30 &#8211; 13.00<\/strong><\/p>\n<p>&nbsp;<\/p>\n<p style=\"text-align: center;\"><b>Psycholog szkolny (klasy I &#8211; III) &#8211; Sonia Wollnik<\/b><\/p>\n<p style=\"text-align: center;\">\u00a0<strong>\u00a0 Poniedzia\u0142ek: 7.00 &#8211; 16.00<br \/>\n<\/strong><br \/>\n<strong>\u00a0 \u00a0Pi\u0105tek: 7.00 &#8211; 16.00<\/strong><\/p>\n<p>&nbsp;<\/p>\n<p style=\"text-align: center;\"><a href=\"https:\/\/sp1.imielin.pl\/wp-content\/uploads\/2025\/07\/SP1-Program-Wychowawczo-Profilaktyczny.pdf\"><span style=\"text-decoration: underline;\">Program wychowawczo &#8211; profilaktyczny\u00a0<\/span><\/a><\/p>\n<p style=\"text-align: center;\"><a href=\"http:\/\/www.sp1.imielin.pl\/wp-content\/uploads\/2016\/04\/procedura_20_21_scalone-1.pdf\">Procedura organizowania i udzielania pomocy psychologiczno -pedagogicznej\u00a0<\/a><\/p>\n<p style=\"text-align: center;\"><a href=\"https:\/\/sp1.imielin.pl\/wp-content\/uploads\/2025\/07\/SP1-Polityka-Ochrony-Dzieci-przed-Krzywdzeniem.pdf\">Polityka ochrony dzieci przed krzywdzeniem<\/a><\/p>\n<p style=\"text-align: center;\"><strong>Procedury post\u0119powa\u0144:<\/strong><\/p>\n<p style=\"text-align: center;\"><a href=\"http:\/\/www.sp1.imielin.pl\/wp-content\/uploads\/2016\/04\/adf.jpg\" target=\"_blank\" rel=\"noopener\"><img loading=\"lazy\" decoding=\"async\" class=\"alignnone wp-image-8732 size-medium\" src=\"http:\/\/www.sp1.imielin.pl\/wp-content\/uploads\/2016\/04\/adf-212x300.jpg\" alt=\"adf\" width=\"212\" height=\"300\" srcset=\"https:\/\/sp1.imielin.pl\/wp-content\/uploads\/2016\/04\/adf-212x300.jpg 212w, https:\/\/sp1.imielin.pl\/wp-content\/uploads\/2016\/04\/adf-724x1024.jpg 724w, https:\/\/sp1.imielin.pl\/wp-content\/uploads\/2016\/04\/adf-768x1086.jpg 768w, https:\/\/sp1.imielin.pl\/wp-content\/uploads\/2016\/04\/adf-1086x1536.jpg 1086w, https:\/\/sp1.imielin.pl\/wp-content\/uploads\/2016\/04\/adf.jpg 1240w\" sizes=\"auto, (max-width: 212px) 100vw, 212px\" \/><\/a>\u00a0 \u00a0 \u00a0 \u00a0 \u00a0\u00a0 <a href=\"http:\/\/www.sp1.imielin.pl\/wp-content\/uploads\/2016\/04\/ejdu.jpg\" target=\"_blank\" rel=\"noopener\"><img loading=\"lazy\" decoding=\"async\" class=\"alignnone wp-image-8733 size-medium\" src=\"http:\/\/www.sp1.imielin.pl\/wp-content\/uploads\/2016\/04\/ejdu-212x300.jpg\" alt=\"ejdu\" width=\"212\" height=\"300\" srcset=\"https:\/\/sp1.imielin.pl\/wp-content\/uploads\/2016\/04\/ejdu-212x300.jpg 212w, https:\/\/sp1.imielin.pl\/wp-content\/uploads\/2016\/04\/ejdu-724x1024.jpg 724w, https:\/\/sp1.imielin.pl\/wp-content\/uploads\/2016\/04\/ejdu-768x1086.jpg 768w, https:\/\/sp1.imielin.pl\/wp-content\/uploads\/2016\/04\/ejdu-1086x1536.jpg 1086w, https:\/\/sp1.imielin.pl\/wp-content\/uploads\/2016\/04\/ejdu.jpg 1240w\" sizes=\"auto, (max-width: 212px) 100vw, 212px\" \/><\/a><\/p>\n<p style=\"text-align: center;\"><a href=\"http:\/\/www.sp1.imielin.pl\/wp-content\/uploads\/2016\/04\/ffgh.jpg\" target=\"_blank\" rel=\"noopener\"><img loading=\"lazy\" decoding=\"async\" class=\"alignnone wp-image-8734 size-medium\" src=\"http:\/\/www.sp1.imielin.pl\/wp-content\/uploads\/2016\/04\/ffgh-212x300.jpg\" alt=\"ffgh\" width=\"212\" height=\"300\" srcset=\"https:\/\/sp1.imielin.pl\/wp-content\/uploads\/2016\/04\/ffgh-212x300.jpg 212w, https:\/\/sp1.imielin.pl\/wp-content\/uploads\/2016\/04\/ffgh-724x1024.jpg 724w, https:\/\/sp1.imielin.pl\/wp-content\/uploads\/2016\/04\/ffgh-768x1086.jpg 768w, https:\/\/sp1.imielin.pl\/wp-content\/uploads\/2016\/04\/ffgh-1086x1536.jpg 1086w, https:\/\/sp1.imielin.pl\/wp-content\/uploads\/2016\/04\/ffgh.jpg 1240w\" sizes=\"auto, (max-width: 212px) 100vw, 212px\" \/><\/a>\u00a0 \u00a0 \u00a0 \u00a0 \u00a0 <a href=\"http:\/\/www.sp1.imielin.pl\/wp-content\/uploads\/2016\/04\/fgjk.jpg\" target=\"_blank\" rel=\"noopener\"><img loading=\"lazy\" decoding=\"async\" class=\"alignnone wp-image-8735 size-medium\" src=\"http:\/\/www.sp1.imielin.pl\/wp-content\/uploads\/2016\/04\/fgjk-212x300.jpg\" alt=\"fgjk\" width=\"212\" height=\"300\" srcset=\"https:\/\/sp1.imielin.pl\/wp-content\/uploads\/2016\/04\/fgjk-212x300.jpg 212w, https:\/\/sp1.imielin.pl\/wp-content\/uploads\/2016\/04\/fgjk-724x1024.jpg 724w, https:\/\/sp1.imielin.pl\/wp-content\/uploads\/2016\/04\/fgjk-768x1086.jpg 768w, https:\/\/sp1.imielin.pl\/wp-content\/uploads\/2016\/04\/fgjk-1086x1536.jpg 1086w, https:\/\/sp1.imielin.pl\/wp-content\/uploads\/2016\/04\/fgjk.jpg 1240w\" sizes=\"auto, (max-width: 212px) 100vw, 212px\" \/><\/a><\/p>\n<p style=\"text-align: center;\"><a href=\"http:\/\/www.sp1.imielin.pl\/wp-content\/uploads\/2016\/04\/foe.jpg\" target=\"_blank\" rel=\"noopener\"><img loading=\"lazy\" decoding=\"async\" class=\"alignnone wp-image-8736 size-medium\" src=\"http:\/\/www.sp1.imielin.pl\/wp-content\/uploads\/2016\/04\/foe-212x300.jpg\" alt=\"foe\" width=\"212\" height=\"300\" srcset=\"https:\/\/sp1.imielin.pl\/wp-content\/uploads\/2016\/04\/foe-212x300.jpg 212w, https:\/\/sp1.imielin.pl\/wp-content\/uploads\/2016\/04\/foe-724x1024.jpg 724w, https:\/\/sp1.imielin.pl\/wp-content\/uploads\/2016\/04\/foe-768x1086.jpg 768w, https:\/\/sp1.imielin.pl\/wp-content\/uploads\/2016\/04\/foe-1086x1536.jpg 1086w, https:\/\/sp1.imielin.pl\/wp-content\/uploads\/2016\/04\/foe.jpg 1240w\" sizes=\"auto, (max-width: 212px) 100vw, 212px\" \/><\/a>\u00a0 \u00a0 \u00a0 \u00a0 \u00a0 <a href=\"http:\/\/www.sp1.imielin.pl\/wp-content\/uploads\/2016\/04\/ipA.jpg\" target=\"_blank\" rel=\"noopener\"><img loading=\"lazy\" decoding=\"async\" class=\"alignnone wp-image-8737 size-medium\" src=\"https:\/\/sp1.imielin.pl\/wp-content\/uploads\/2016\/04\/ipA_-212x300.jpg\" alt=\"ip\u0142\" width=\"212\" height=\"300\" srcset=\"https:\/\/sp1.imielin.pl\/wp-content\/uploads\/2016\/04\/ipA_-212x300.jpg 212w, https:\/\/sp1.imielin.pl\/wp-content\/uploads\/2016\/04\/ipA_-724x1024.jpg 724w, https:\/\/sp1.imielin.pl\/wp-content\/uploads\/2016\/04\/ipA_-768x1086.jpg 768w, https:\/\/sp1.imielin.pl\/wp-content\/uploads\/2016\/04\/ipA_-1086x1536.jpg 1086w, https:\/\/sp1.imielin.pl\/wp-content\/uploads\/2016\/04\/ipA_.jpg 1240w\" sizes=\"auto, (max-width: 212px) 100vw, 212px\" \/><\/a><\/p>\n<p style=\"text-align: center;\"><a href=\"http:\/\/www.sp1.imielin.pl\/wp-content\/uploads\/2016\/04\/roh.jpg\" target=\"_blank\" rel=\"noopener\"><img loading=\"lazy\" decoding=\"async\" class=\"alignnone wp-image-8738 size-medium\" src=\"https:\/\/sp1.imielin.pl\/wp-content\/uploads\/2016\/04\/roh-212x300.jpg\" alt=\"roh\" width=\"212\" height=\"300\" srcset=\"https:\/\/sp1.imielin.pl\/wp-content\/uploads\/2016\/04\/roh-212x300.jpg 212w, https:\/\/sp1.imielin.pl\/wp-content\/uploads\/2016\/04\/roh-724x1024.jpg 724w, https:\/\/sp1.imielin.pl\/wp-content\/uploads\/2016\/04\/roh-768x1086.jpg 768w, https:\/\/sp1.imielin.pl\/wp-content\/uploads\/2016\/04\/roh-1086x1536.jpg 1086w, https:\/\/sp1.imielin.pl\/wp-content\/uploads\/2016\/04\/roh.jpg 1240w\" sizes=\"auto, (max-width: 212px) 100vw, 212px\" \/><\/a>\u00a0 \u00a0 \u00a0 \u00a0 \u00a0 <a href=\"http:\/\/www.sp1.imielin.pl\/wp-content\/uploads\/2016\/04\/srt.jpg\" target=\"_blank\" rel=\"noopener\"><img loading=\"lazy\" decoding=\"async\" class=\"alignnone wp-image-8739 size-medium\" src=\"https:\/\/sp1.imielin.pl\/wp-content\/uploads\/2016\/04\/srt-212x300.jpg\" alt=\"srt\" width=\"212\" height=\"300\" srcset=\"https:\/\/sp1.imielin.pl\/wp-content\/uploads\/2016\/04\/srt-212x300.jpg 212w, https:\/\/sp1.imielin.pl\/wp-content\/uploads\/2016\/04\/srt-724x1024.jpg 724w, https:\/\/sp1.imielin.pl\/wp-content\/uploads\/2016\/04\/srt-768x1086.jpg 768w, https:\/\/sp1.imielin.pl\/wp-content\/uploads\/2016\/04\/srt-1086x1536.jpg 1086w, https:\/\/sp1.imielin.pl\/wp-content\/uploads\/2016\/04\/srt.jpg 1240w\" sizes=\"auto, (max-width: 212px) 100vw, 212px\" \/><\/a><\/p>\n<p>Gdzie szuka\u0107 pomocy?<\/p>\n<p>\u00b7 800 060 800 \u2013 Bezp\u0142atna, ca\u0142odobowa infolinia G\u0142\u00f3wnej Inspektora Sanitarnego<\/p>\n<p>\u00b7 116 111 \u2013 Telefon Zaufania dla Dzieci i M\u0142odzie\u017cy<\/p>\n<p>\u00b7 800 12 12 12 &#8211; Dzieci\u0119cy Telefon Zaufania Rzecznika Praw Dziecka<\/p>\n<p>\u00b7 801 199 990 \u2013 Og\u00f3lnopolski Telefon Zaufania Narkotyki \u2013 Narkomania<\/p>\n<p>\u00b7 Poradnia internetowa <a href=\"https:\/\/www.narkomania.org.pl\/\">www.narkomania.org.pl<\/a> \u2013 w kt\u00f3rej, mo\u017cna uzyska\u0107 anonimow\u0105 pomoc on- line<\/p>\n<p>\u00b7 112 \u2013 Jednolity numer alarmowy obowi\u0105zuj\u0105cy na terenie ca\u0142ej Unii Europejskiej<\/p>\n","protected":false},"excerpt":{"rendered":"<p>Pedagog szkolny &#8211; Halina Sorek Godziny pracy: Wtorek: 11.00 &#8211; 16.00 \u015aroda: 8.00 &#8211; 14.00 Czwartek: 11.00 &#8211; 16.00 Pi\u0105tek: 8.00 &#8211; 14.00 Psycholog szkolny &#8211; Paulina Czekaj Godziny pracy: Poniedzia\u0142ek: 7.30 &#8211; 16.00 Wtorek: 7.30 &#8211; 13.00 \u00a0\u00a0\u00a0\u00a0 \u015aroda: 7.30 &#8211; 16.00 Czwartek: 7.30 &#8211; 13.00 &nbsp; Psycholog szkolny (klasy I &#8211; III) &#8211; [&hellip;]<\/p>\n","protected":false},"author":2,"featured_media":0,"parent":0,"menu_order":0,"comment_status":"closed","ping_status":"closed","template":"","meta":{"_uag_custom_page_level_css":"","footnotes":""},"class_list":["post-4829","page","type-page","status-publish","hentry"],"uagb_featured_image_src":{"full":false,"thumbnail":false,"medium":false,"medium_large":false,"large":false,"1536x1536":false,"2048x2048":false,"gurukul-education-featured-image":false,"gurukul-education-thumbnail-avatar":false},"uagb_author_info":{"display_name":"Maria Habryka","author_link":"https:\/\/sp1.imielin.pl\/index.php\/author\/maria\/"},"uagb_comment_info":0,"uagb_excerpt":"Pedagog szkolny &#8211; Halina Sorek Godziny pracy: Wtorek: 11.00 &#8211; 16.00 \u015aroda: 8.00 &#8211; 14.00 Czwartek: 11.00 &#8211; 16.00 Pi\u0105tek: 8.00 &#8211; 14.00 Psycholog szkolny &#8211; Paulina Czekaj Godziny pracy: Poniedzia\u0142ek: 7.30 &#8211; 16.00 Wtorek: 7.30 &#8211; 13.00 \u00a0\u00a0\u00a0\u00a0 \u015aroda: 7.30 &#8211; 16.00 Czwartek: 7.30 &#8211; 13.00 &nbsp; Psycholog szkolny (klasy I &#8211; III) &#8211;&hellip;","_links":{"self":[{"href":"https:\/\/sp1.imielin.pl\/index.php\/wp-json\/wp\/v2\/pages\/4829","targetHints":{"allow":["GET"]}}],"collection":[{"href":"https:\/\/sp1.imielin.pl\/index.php\/wp-json\/wp\/v2\/pages"}],"about":[{"href":"https:\/\/sp1.imielin.pl\/index.php\/wp-json\/wp\/v2\/types\/page"}],"author":[{"embeddable":true,"href":"https:\/\/sp1.imielin.pl\/index.php\/wp-json\/wp\/v2\/users\/2"}],"replies":[{"embeddable":true,"href":"https:\/\/sp1.imielin.pl\/index.php\/wp-json\/wp\/v2\/comments?post=4829"}],"version-history":[{"count":14,"href":"https:\/\/sp1.imielin.pl\/index.php\/wp-json\/wp\/v2\/pages\/4829\/revisions"}],"predecessor-version":[{"id":26841,"href":"https:\/\/sp1.imielin.pl\/index.php\/wp-json\/wp\/v2\/pages\/4829\/revisions\/26841"}],"wp:attachment":[{"href":"https:\/\/sp1.imielin.pl\/index.php\/wp-json\/wp\/v2\/media?parent=4829"}],"curies":[{"name":"wp","href":"https:\/\/api.w.org\/{rel}","templated":true}]}}