{"id":4855,"date":"2016-04-13T12:37:30","date_gmt":"2016-04-13T10:37:30","guid":{"rendered":"http:\/\/www.gimnazjumimielin.eu\/?page_id=4855"},"modified":"2025-03-02T16:04:33","modified_gmt":"2025-03-02T15:04:33","slug":"egzamin-gimnazjalny","status":"publish","type":"page","link":"https:\/\/sp1.imielin.pl\/index.php\/egzamin-gimnazjalny\/","title":{"rendered":"Egzaminy"},"content":{"rendered":"<p><strong>\u00a0<\/strong><\/p>\n<p>Zasady przeprowadzania egzamin\u00f3w i harmonogram rekrutacji do szk\u00f3\u0142 ponadpodstawowych &#8211; <a href=\"https:\/\/sp1.imielin.pl\/wp-content\/uploads\/2020\/05\/prezentacja_a___zasady_przeprowadzania_i_harmonogram_egzaminaw_w_2020_r-usunia_te-strony.pdf\">PREZENTACJA<\/a><\/p>\n<p><strong>Informacje dotycz\u0105ce egzaminu \u00f3smoklasisty<\/strong><\/p>\n<p>Centralna Komisja Egzaminacyjna &#8211; <a href=\"https:\/\/www.youtube.com\/watch?v=vNB6rQ3WF4k&amp;list=PLiVdCrg1BnC8A94XifRNekMS5lLiZFQaf&amp;index=1&amp;fbclid=IwAR3-a6rvolgR_x6OnFqF1yLbZtLNUpBM-8L_UqKFnjPcqkNQmGlTR1YEiWE\">LINK<br \/>\n<\/a>Okr\u0119gowa Komisja Egzaminacyjna &#8211; <a href=\"https:\/\/oke.jaworzno.pl\/www3\/eo\/\">LINK <\/a><\/p>\n<p>&nbsp;<\/p>\n<p>&nbsp;<\/p>\n<p>&nbsp;<\/p>\n","protected":false},"excerpt":{"rendered":"<p>\u00a0 Zasady przeprowadzania egzamin\u00f3w i harmonogram rekrutacji do szk\u00f3\u0142 ponadpodstawowych &#8211; PREZENTACJA Informacje dotycz\u0105ce egzaminu \u00f3smoklasisty Centralna Komisja Egzaminacyjna &#8211; LINK Okr\u0119gowa Komisja Egzaminacyjna &#8211; LINK &nbsp; &nbsp; &nbsp;<\/p>\n","protected":false},"author":2,"featured_media":0,"parent":0,"menu_order":0,"comment_status":"closed","ping_status":"closed","template":"","meta":{"_uag_custom_page_level_css":"","footnotes":""},"class_list":["post-4855","page","type-page","status-publish","hentry"],"uagb_featured_image_src":{"full":false,"thumbnail":false,"medium":false,"medium_large":false,"large":false,"1536x1536":false,"2048x2048":false,"gurukul-education-featured-image":false,"gurukul-education-thumbnail-avatar":false},"uagb_author_info":{"display_name":"Maria Habryka","author_link":"https:\/\/sp1.imielin.pl\/index.php\/author\/maria\/"},"uagb_comment_info":0,"uagb_excerpt":"\u00a0 Zasady przeprowadzania egzamin\u00f3w i harmonogram rekrutacji do szk\u00f3\u0142 ponadpodstawowych &#8211; PREZENTACJA Informacje dotycz\u0105ce egzaminu \u00f3smoklasisty Centralna Komisja Egzaminacyjna &#8211; LINK Okr\u0119gowa Komisja Egzaminacyjna &#8211; LINK &nbsp; &nbsp; &nbsp;","_links":{"self":[{"href":"https:\/\/sp1.imielin.pl\/index.php\/wp-json\/wp\/v2\/pages\/4855","targetHints":{"allow":["GET"]}}],"collection":[{"href":"https:\/\/sp1.imielin.pl\/index.php\/wp-json\/wp\/v2\/pages"}],"about":[{"href":"https:\/\/sp1.imielin.pl\/index.php\/wp-json\/wp\/v2\/types\/page"}],"author":[{"embeddable":true,"href":"https:\/\/sp1.imielin.pl\/index.php\/wp-json\/wp\/v2\/users\/2"}],"replies":[{"embeddable":true,"href":"https:\/\/sp1.imielin.pl\/index.php\/wp-json\/wp\/v2\/comments?post=4855"}],"version-history":[{"count":1,"href":"https:\/\/sp1.imielin.pl\/index.php\/wp-json\/wp\/v2\/pages\/4855\/revisions"}],"predecessor-version":[{"id":25632,"href":"https:\/\/sp1.imielin.pl\/index.php\/wp-json\/wp\/v2\/pages\/4855\/revisions\/25632"}],"wp:attachment":[{"href":"https:\/\/sp1.imielin.pl\/index.php\/wp-json\/wp\/v2\/media?parent=4855"}],"curies":[{"name":"wp","href":"https:\/\/api.w.org\/{rel}","templated":true}]}}