{"id":4907,"date":"2016-04-26T11:17:19","date_gmt":"2016-04-26T09:17:19","guid":{"rendered":"http:\/\/www.gimnazjumimielin.eu\/?page_id=4907"},"modified":"2025-09-27T10:47:43","modified_gmt":"2025-09-27T08:47:43","slug":"rada-rodzicow","status":"publish","type":"page","link":"https:\/\/sp1.imielin.pl\/index.php\/rada-rodzicow\/","title":{"rendered":"Rada Rodzic\u00f3w"},"content":{"rendered":"<h2><span style=\"color: #000000;\"><strong>RADA RODZIC\u00d3W SZKO\u0141Y PODSTAWOWEJ NR 1 IM. POWSTA\u0143C\u00d3W \u015aL\u0104SKICH W IMIELINIE<br \/>\n<\/strong><\/span><\/h2>\n<h3><strong>ROK SZKOLNY 2025\/2026<\/strong><\/h3>\n<table style=\"height: 115px; width: 422px; border-color: #ffffff;\">\n<tbody>\n<tr>\n<td style=\"width: 221px;\"><strong>Przewodnicz\u0105cy<\/strong><\/td>\n<td style=\"width: 201px;\">Przemys\u0142aw Piotrowski<\/td>\n<\/tr>\n<tr>\n<td style=\"width: 221px;\"><strong>Z-ca przewodnicz\u0105cego<\/strong><\/td>\n<td style=\"width: 201px;\">Roksana Szymura<\/td>\n<\/tr>\n<tr>\n<td style=\"width: 221px;\"><strong>Sekretarz<\/strong><\/td>\n<td style=\"width: 201px;\">Marta Gawlikowicz<\/td>\n<\/tr>\n<tr>\n<td style=\"width: 221px;\"><strong>Skarbnik<\/strong><\/td>\n<td style=\"width: 201px;\">Natalia Wazi\u0144ska &#8211; Krupa<\/td>\n<\/tr>\n<\/tbody>\n<\/table>\n<p>&nbsp;<\/p>\n<p><a href=\"https:\/\/sp1.imielin.pl\/wp-content\/uploads\/2025\/09\/trojki-klasowe-2025-2026-2.pdf\"><strong>Klasowe Rady Rodzic\u00f3w<\/strong><\/a><\/p>\n<p>&nbsp;<\/p>\n<p><strong><span style=\"color: #000000;\">Regulamin Rady Rodzic\u00f3w &#8211; <a href=\"https:\/\/sp1.imielin.pl\/wp-content\/uploads\/2014\/07\/Regulamin-Rady-Rodzicow-SP-1im.doc\">do pobrania tutaj<\/a>.<\/span><\/strong><\/p>\n<p><span style=\"font-size: 14pt;\"><strong><span style=\"color: #000000;\">Numer konta bankowego:<br \/>\nBANK Pekao<br \/>\n85 1240 4344 1111 0011 3062 7297<\/span><\/strong><\/span><\/p>\n","protected":false},"excerpt":{"rendered":"<p>RADA RODZIC\u00d3W SZKO\u0141Y PODSTAWOWEJ NR 1 IM. POWSTA\u0143C\u00d3W \u015aL\u0104SKICH W IMIELINIE ROK SZKOLNY 2025\/2026 Przewodnicz\u0105cy Przemys\u0142aw Piotrowski Z-ca przewodnicz\u0105cego Roksana Szymura Sekretarz Marta Gawlikowicz Skarbnik Natalia Wazi\u0144ska &#8211; Krupa &nbsp; Klasowe Rady Rodzic\u00f3w &nbsp; Regulamin Rady Rodzic\u00f3w &#8211; do pobrania tutaj. Numer konta bankowego: BANK Pekao 85 1240 4344 1111 0011 3062 7297<\/p>\n","protected":false},"author":3,"featured_media":0,"parent":0,"menu_order":0,"comment_status":"closed","ping_status":"closed","template":"","meta":{"_uag_custom_page_level_css":"","footnotes":""},"class_list":["post-4907","page","type-page","status-publish","hentry"],"uagb_featured_image_src":{"full":false,"thumbnail":false,"medium":false,"medium_large":false,"large":false,"1536x1536":false,"2048x2048":false,"gurukul-education-featured-image":false,"gurukul-education-thumbnail-avatar":false},"uagb_author_info":{"display_name":"Tadeusz Brysz","author_link":"https:\/\/sp1.imielin.pl\/index.php\/author\/tadeusz\/"},"uagb_comment_info":0,"uagb_excerpt":"RADA RODZIC\u00d3W SZKO\u0141Y PODSTAWOWEJ NR 1 IM. POWSTA\u0143C\u00d3W \u015aL\u0104SKICH W IMIELINIE ROK SZKOLNY 2025\/2026 Przewodnicz\u0105cy Przemys\u0142aw Piotrowski Z-ca przewodnicz\u0105cego Roksana Szymura Sekretarz Marta Gawlikowicz Skarbnik Natalia Wazi\u0144ska &#8211; Krupa &nbsp; Klasowe Rady Rodzic\u00f3w &nbsp; Regulamin Rady Rodzic\u00f3w &#8211; do pobrania tutaj. Numer konta bankowego: BANK Pekao 85 1240 4344 1111 0011 3062 7297","_links":{"self":[{"href":"https:\/\/sp1.imielin.pl\/index.php\/wp-json\/wp\/v2\/pages\/4907","targetHints":{"allow":["GET"]}}],"collection":[{"href":"https:\/\/sp1.imielin.pl\/index.php\/wp-json\/wp\/v2\/pages"}],"about":[{"href":"https:\/\/sp1.imielin.pl\/index.php\/wp-json\/wp\/v2\/types\/page"}],"author":[{"embeddable":true,"href":"https:\/\/sp1.imielin.pl\/index.php\/wp-json\/wp\/v2\/users\/3"}],"replies":[{"embeddable":true,"href":"https:\/\/sp1.imielin.pl\/index.php\/wp-json\/wp\/v2\/comments?post=4907"}],"version-history":[{"count":11,"href":"https:\/\/sp1.imielin.pl\/index.php\/wp-json\/wp\/v2\/pages\/4907\/revisions"}],"predecessor-version":[{"id":27031,"href":"https:\/\/sp1.imielin.pl\/index.php\/wp-json\/wp\/v2\/pages\/4907\/revisions\/27031"}],"wp:attachment":[{"href":"https:\/\/sp1.imielin.pl\/index.php\/wp-json\/wp\/v2\/media?parent=4907"}],"curies":[{"name":"wp","href":"https:\/\/api.w.org\/{rel}","templated":true}]}}