{"id":5216,"date":"2016-08-31T19:57:12","date_gmt":"2016-08-31T17:57:12","guid":{"rendered":"http:\/\/www.gimnazjumimielin.eu\/?page_id=5216"},"modified":"2025-12-06T11:34:10","modified_gmt":"2025-12-06T10:34:10","slug":"statut-szkoly","status":"publish","type":"page","link":"https:\/\/sp1.imielin.pl\/index.php\/statut-szkoly\/","title":{"rendered":"Statut szko\u0142y"},"content":{"rendered":"<p>Statut szko\u0142y do pobrania w linku: <a href=\"https:\/\/sp1.imielin.pl\/wp-content\/uploads\/2025\/12\/STATUT-2025-2026.pdf\">STATUT<\/a><\/p>\n<p>&nbsp;<\/p>\n<p><a href=\"http:\/\/www.sp1.imielin.pl\/wp-content\/uploads\/2016\/08\/SKM_C30823101713520_0001-1.jpg\">Uchwa\u0142a Nr 7\/2023\/2024 Rady Pegagogicznej Szko\u0142y Podstawowoej Nr 1 w Imielinie z dnia 28.08.2023r. w sprawie zmian w statucie szko\u0142y<br \/>\n<\/a><a href=\"http:\/\/www.sp1.imielin.pl\/wp-content\/uploads\/2016\/08\/SKM_C30823101713520_0002.jpg\">Uchwa\u0142a Nr 10\/2023\/2024 Rady Pedagogicznej Szko\u0142y Podstawowej Nr 1 w Imielinie z dnia 28.08.2023r. w sprawie zmian w statucie szko\u0142y<\/a><\/p>\n<p>&nbsp;<\/p>\n<p>&nbsp;<\/p>\n","protected":false},"excerpt":{"rendered":"<p>Statut szko\u0142y do pobrania w linku: STATUT &nbsp; Uchwa\u0142a Nr 7\/2023\/2024 Rady Pegagogicznej Szko\u0142y Podstawowoej Nr 1 w Imielinie z dnia 28.08.2023r. w sprawie zmian w statucie szko\u0142y Uchwa\u0142a Nr 10\/2023\/2024 Rady Pedagogicznej Szko\u0142y Podstawowej Nr 1 w Imielinie z dnia 28.08.2023r. w sprawie zmian w statucie szko\u0142y &nbsp; &nbsp;<\/p>\n","protected":false},"author":2,"featured_media":0,"parent":0,"menu_order":0,"comment_status":"closed","ping_status":"closed","template":"","meta":{"_uag_custom_page_level_css":"","footnotes":""},"class_list":["post-5216","page","type-page","status-publish","hentry"],"uagb_featured_image_src":{"full":false,"thumbnail":false,"medium":false,"medium_large":false,"large":false,"1536x1536":false,"2048x2048":false,"gurukul-education-featured-image":false,"gurukul-education-thumbnail-avatar":false},"uagb_author_info":{"display_name":"Maria Habryka","author_link":"https:\/\/sp1.imielin.pl\/index.php\/author\/maria\/"},"uagb_comment_info":0,"uagb_excerpt":"Statut szko\u0142y do pobrania w linku: STATUT &nbsp; Uchwa\u0142a Nr 7\/2023\/2024 Rady Pegagogicznej Szko\u0142y Podstawowoej Nr 1 w Imielinie z dnia 28.08.2023r. w sprawie zmian w statucie szko\u0142y Uchwa\u0142a Nr 10\/2023\/2024 Rady Pedagogicznej Szko\u0142y Podstawowej Nr 1 w Imielinie z dnia 28.08.2023r. w sprawie zmian w statucie szko\u0142y &nbsp; &nbsp;","_links":{"self":[{"href":"https:\/\/sp1.imielin.pl\/index.php\/wp-json\/wp\/v2\/pages\/5216","targetHints":{"allow":["GET"]}}],"collection":[{"href":"https:\/\/sp1.imielin.pl\/index.php\/wp-json\/wp\/v2\/pages"}],"about":[{"href":"https:\/\/sp1.imielin.pl\/index.php\/wp-json\/wp\/v2\/types\/page"}],"author":[{"embeddable":true,"href":"https:\/\/sp1.imielin.pl\/index.php\/wp-json\/wp\/v2\/users\/2"}],"replies":[{"embeddable":true,"href":"https:\/\/sp1.imielin.pl\/index.php\/wp-json\/wp\/v2\/comments?post=5216"}],"version-history":[{"count":9,"href":"https:\/\/sp1.imielin.pl\/index.php\/wp-json\/wp\/v2\/pages\/5216\/revisions"}],"predecessor-version":[{"id":27584,"href":"https:\/\/sp1.imielin.pl\/index.php\/wp-json\/wp\/v2\/pages\/5216\/revisions\/27584"}],"wp:attachment":[{"href":"https:\/\/sp1.imielin.pl\/index.php\/wp-json\/wp\/v2\/media?parent=5216"}],"curies":[{"name":"wp","href":"https:\/\/api.w.org\/{rel}","templated":true}]}}