{"id":5659,"date":"2017-02-26T13:30:25","date_gmt":"2017-02-26T12:30:25","guid":{"rendered":"http:\/\/www.gimnazjumimielin.eu\/?page_id=5659"},"modified":"2026-01-12T21:00:06","modified_gmt":"2026-01-12T20:00:06","slug":"osiagniecia-uczniow","status":"publish","type":"page","link":"https:\/\/sp1.imielin.pl\/index.php\/osiagniecia-uczniow\/","title":{"rendered":"Osi\u0105gni\u0119cia uczni\u00f3w"},"content":{"rendered":"<h4 style=\"text-align: center;\">Z dum\u0105 prezentujemy osi\u0105gni\u0119cia naszych uczni\u00f3w<\/h4>\n<p><strong>I semestr roku szkolnego 2025\/2026<\/strong> &#8211; <a href=\"https:\/\/sp1.imielin.pl\/wp-content\/uploads\/2026\/01\/KONKURSY-I-semestr-2025-2026.pdf\">LINK\u00a0<\/a><\/p>\n<p><strong>I semestr roku szkolnego 2024\/2025<\/strong> &#8211; <a href=\"https:\/\/sp1.imielin.pl\/wp-content\/uploads\/2025\/01\/KONKURSY-EDUKACYJNE.pdf\">LINK <\/a><br \/>\n<strong>II semestr roku szkolnego 2024\/2025<\/strong> &#8211; <a href=\"https:\/\/sp1.imielin.pl\/wp-content\/uploads\/2025\/06\/konkursy.pdf\">LINK<\/a><\/p>\n<p><strong>I semestr roku szkolnego 2023\/2024 &#8211;<\/strong> <a href=\"http:\/\/www.sp1.imielin.pl\/wp-content\/uploads\/2017\/02\/Konkursy-2024.pdf\">LINK<\/a><strong><a href=\"http:\/\/www.sp1.imielin.pl\/wp-content\/uploads\/2017\/02\/Konkursy-2024.pdf\"><br \/>\n<\/a>II semestr roku szkolnego 2023\/2024 &#8211;<\/strong><a href=\"http:\/\/www.sp1.imielin.pl\/wp-content\/uploads\/2017\/02\/Konkursy-sportowe.pdf\"> LINK\u00a0<\/a><\/p>\n<p><strong>I semestr roku szkolnego 2022\/2023 &#8211;<\/strong> <a href=\"http:\/\/www.sp1.imielin.pl\/wp-content\/uploads\/2017\/02\/konkursy-2-1.pdf\">LINK<\/a><strong><br \/>\nII semestr roku szkolnego 2022\/2023 &#8211; <\/strong><a href=\"http:\/\/www.sp1.imielin.pl\/wp-content\/uploads\/2017\/02\/sprawozdanie.pdf\">LINK\u00a0<\/a><\/p>\n","protected":false},"excerpt":{"rendered":"<p>Z dum\u0105 prezentujemy osi\u0105gni\u0119cia naszych uczni\u00f3w I semestr roku szkolnego 2025\/2026 &#8211; LINK\u00a0 I semestr roku szkolnego 2024\/2025 &#8211; LINK II semestr roku szkolnego 2024\/2025 &#8211; LINK I semestr roku szkolnego 2023\/2024 &#8211; LINK II semestr roku szkolnego 2023\/2024 &#8211; LINK\u00a0 I semestr roku szkolnego 2022\/2023 &#8211; LINK II semestr roku szkolnego 2022\/2023 &#8211; LINK\u00a0<\/p>\n","protected":false},"author":2,"featured_media":0,"parent":0,"menu_order":0,"comment_status":"closed","ping_status":"closed","template":"","meta":{"_uag_custom_page_level_css":"","footnotes":""},"class_list":["post-5659","page","type-page","status-publish","hentry"],"uagb_featured_image_src":{"full":false,"thumbnail":false,"medium":false,"medium_large":false,"large":false,"1536x1536":false,"2048x2048":false,"gurukul-education-featured-image":false,"gurukul-education-thumbnail-avatar":false},"uagb_author_info":{"display_name":"Maria Habryka","author_link":"https:\/\/sp1.imielin.pl\/index.php\/author\/maria\/"},"uagb_comment_info":0,"uagb_excerpt":"Z dum\u0105 prezentujemy osi\u0105gni\u0119cia naszych uczni\u00f3w I semestr roku szkolnego 2025\/2026 &#8211; LINK\u00a0 I semestr roku szkolnego 2024\/2025 &#8211; LINK II semestr roku szkolnego 2024\/2025 &#8211; LINK I semestr roku szkolnego 2023\/2024 &#8211; LINK II semestr roku szkolnego 2023\/2024 &#8211; LINK\u00a0 I semestr roku szkolnego 2022\/2023 &#8211; LINK II semestr roku szkolnego 2022\/2023 &#8211; LINK\u00a0","_links":{"self":[{"href":"https:\/\/sp1.imielin.pl\/index.php\/wp-json\/wp\/v2\/pages\/5659","targetHints":{"allow":["GET"]}}],"collection":[{"href":"https:\/\/sp1.imielin.pl\/index.php\/wp-json\/wp\/v2\/pages"}],"about":[{"href":"https:\/\/sp1.imielin.pl\/index.php\/wp-json\/wp\/v2\/types\/page"}],"author":[{"embeddable":true,"href":"https:\/\/sp1.imielin.pl\/index.php\/wp-json\/wp\/v2\/users\/2"}],"replies":[{"embeddable":true,"href":"https:\/\/sp1.imielin.pl\/index.php\/wp-json\/wp\/v2\/comments?post=5659"}],"version-history":[{"count":6,"href":"https:\/\/sp1.imielin.pl\/index.php\/wp-json\/wp\/v2\/pages\/5659\/revisions"}],"predecessor-version":[{"id":27734,"href":"https:\/\/sp1.imielin.pl\/index.php\/wp-json\/wp\/v2\/pages\/5659\/revisions\/27734"}],"wp:attachment":[{"href":"https:\/\/sp1.imielin.pl\/index.php\/wp-json\/wp\/v2\/media?parent=5659"}],"curies":[{"name":"wp","href":"https:\/\/api.w.org\/{rel}","templated":true}]}}