{"id":7218,"date":"2018-08-09T17:46:50","date_gmt":"2018-08-09T15:46:50","guid":{"rendered":"http:\/\/www.sp1.imielin.pl\/?page_id=7218"},"modified":"2026-03-02T16:35:46","modified_gmt":"2026-03-02T15:35:46","slug":"rodo-rozporzadzenie-o-ochronie-danych-osobowych","status":"publish","type":"page","link":"https:\/\/sp1.imielin.pl\/index.php\/rodo-rozporzadzenie-o-ochronie-danych-osobowych\/","title":{"rendered":"RODO &#8211; rozporz\u0105dzenie o ochronie danych osobowych"},"content":{"rendered":"<p><a href=\"http:\/\/www.sp1.imielin.pl\/wp-content\/uploads\/2014\/07\/Co-warto-wiedziec\u0301_RODO_SP1.pdf\">Co warto wiedzie\u0107 o RODO?<\/a><\/p>\n<p><a href=\"https:\/\/sp1.imielin.pl\/wp-content\/uploads\/2014\/07\/SP1-Klauzula-informacyjna-OgoI_lna-27082020.pdf\">Klauzula informacyjna (og\u00f3lna)<\/a><\/p>\n<p><a href=\"https:\/\/sp1.imielin.pl\/wp-content\/uploads\/2025\/09\/2-w-1.pdf\">Zgoda na rozpowszechnienie wizerunku dziecka oraz utworzenie konta w G suite dla szk\u00f3\u0142 <\/a><\/p>\n<p><a href=\"http:\/\/www.sp1.imielin.pl\/wp-content\/uploads\/2014\/07\/INFORMACJA-O-PRZETWARZANIU-DANYCH-OSOBOWYCH.pdf\">Klauzula informacyjna dotycz\u0105ca odbioru dziecka ze \u015bwietlicy <\/a><\/p>\n<p><a href=\"http:\/\/www.sp1.imielin.pl\/wp-content\/uploads\/2014\/07\/SP1-zgoda-na-rozpowszechnienie-wizerunku-nauczyciele.pdf\">Przetwarzanie wizerunku nauczyciela<\/a><\/p>\n<p><a href=\"http:\/\/www.sp1.imielin.pl\/wp-content\/uploads\/2018\/08\/Regulamin-monitoringu-wizyjnego-SP1-Imielin.pdf\">Monitoring<\/a><\/p>\n<p><a href=\"https:\/\/sp1.imielin.pl\/wp-content\/uploads\/2025\/08\/rodo-praca-dziecka.pdf\">Zgoda na publikowanie prac dziecka<\/a><\/p>\n","protected":false},"excerpt":{"rendered":"<p>Co warto wiedzie\u0107 o RODO? Klauzula informacyjna (og\u00f3lna) Zgoda na rozpowszechnienie wizerunku dziecka oraz utworzenie konta w G suite dla szk\u00f3\u0142 Klauzula informacyjna dotycz\u0105ca odbioru dziecka ze \u015bwietlicy Przetwarzanie wizerunku nauczyciela Monitoring Zgoda na publikowanie prac dziecka<\/p>\n","protected":false},"author":2,"featured_media":0,"parent":0,"menu_order":0,"comment_status":"closed","ping_status":"closed","template":"","meta":{"_uag_custom_page_level_css":"","footnotes":""},"class_list":["post-7218","page","type-page","status-publish","hentry"],"uagb_featured_image_src":{"full":false,"thumbnail":false,"medium":false,"medium_large":false,"large":false,"1536x1536":false,"2048x2048":false,"gurukul-education-featured-image":false,"gurukul-education-thumbnail-avatar":false},"uagb_author_info":{"display_name":"Maria Habryka","author_link":"https:\/\/sp1.imielin.pl\/index.php\/author\/maria\/"},"uagb_comment_info":0,"uagb_excerpt":"Co warto wiedzie\u0107 o RODO? Klauzula informacyjna (og\u00f3lna) Zgoda na rozpowszechnienie wizerunku dziecka oraz utworzenie konta w G suite dla szk\u00f3\u0142 Klauzula informacyjna dotycz\u0105ca odbioru dziecka ze \u015bwietlicy Przetwarzanie wizerunku nauczyciela Monitoring Zgoda na publikowanie prac dziecka","_links":{"self":[{"href":"https:\/\/sp1.imielin.pl\/index.php\/wp-json\/wp\/v2\/pages\/7218","targetHints":{"allow":["GET"]}}],"collection":[{"href":"https:\/\/sp1.imielin.pl\/index.php\/wp-json\/wp\/v2\/pages"}],"about":[{"href":"https:\/\/sp1.imielin.pl\/index.php\/wp-json\/wp\/v2\/types\/page"}],"author":[{"embeddable":true,"href":"https:\/\/sp1.imielin.pl\/index.php\/wp-json\/wp\/v2\/users\/2"}],"replies":[{"embeddable":true,"href":"https:\/\/sp1.imielin.pl\/index.php\/wp-json\/wp\/v2\/comments?post=7218"}],"version-history":[{"count":6,"href":"https:\/\/sp1.imielin.pl\/index.php\/wp-json\/wp\/v2\/pages\/7218\/revisions"}],"predecessor-version":[{"id":27941,"href":"https:\/\/sp1.imielin.pl\/index.php\/wp-json\/wp\/v2\/pages\/7218\/revisions\/27941"}],"wp:attachment":[{"href":"https:\/\/sp1.imielin.pl\/index.php\/wp-json\/wp\/v2\/media?parent=7218"}],"curies":[{"name":"wp","href":"https:\/\/api.w.org\/{rel}","templated":true}]}}