{"id":9132,"date":"2020-03-09T08:22:21","date_gmt":"2020-03-09T07:22:21","guid":{"rendered":"http:\/\/www.sp1.imielin.pl\/?page_id=9132"},"modified":"2025-10-15T18:26:19","modified_gmt":"2025-10-15T16:26:19","slug":"logopeda","status":"publish","type":"page","link":"https:\/\/sp1.imielin.pl\/index.php\/logopeda\/","title":{"rendered":"Logopeda"},"content":{"rendered":"<h5 style=\"text-align: center;\"><strong>GODZINY PRACY W ROKU SZKOLNYM 2025\/2026<\/strong><\/h5>\n<p style=\"text-align: center;\">Poniedzia\u0142ek: 9.30 &#8211; 16.30<br \/>\nWtorek: 10.40 &#8211; 15.40<br \/>\n\u015aroda: 10.40 &#8211; 15.40<br \/>\nCzwartek: 7.45 &#8211; 15.45<br \/>\nPi\u0105tek: 9.45 &#8211; 14.45<\/p>\n","protected":false},"excerpt":{"rendered":"<p>GODZINY PRACY W ROKU SZKOLNYM 2025\/2026 Poniedzia\u0142ek: 9.30 &#8211; 16.30 Wtorek: 10.40 &#8211; 15.40 \u015aroda: 10.40 &#8211; 15.40 Czwartek: 7.45 &#8211; 15.45 Pi\u0105tek: 9.45 &#8211; 14.45<\/p>\n","protected":false},"author":2,"featured_media":0,"parent":0,"menu_order":0,"comment_status":"closed","ping_status":"closed","template":"","meta":{"_uag_custom_page_level_css":"","footnotes":""},"class_list":["post-9132","page","type-page","status-publish","hentry"],"uagb_featured_image_src":{"full":false,"thumbnail":false,"medium":false,"medium_large":false,"large":false,"1536x1536":false,"2048x2048":false,"gurukul-education-featured-image":false,"gurukul-education-thumbnail-avatar":false},"uagb_author_info":{"display_name":"Maria Habryka","author_link":"https:\/\/sp1.imielin.pl\/index.php\/author\/maria\/"},"uagb_comment_info":0,"uagb_excerpt":"GODZINY PRACY W ROKU SZKOLNYM 2025\/2026 Poniedzia\u0142ek: 9.30 &#8211; 16.30 Wtorek: 10.40 &#8211; 15.40 \u015aroda: 10.40 &#8211; 15.40 Czwartek: 7.45 &#8211; 15.45 Pi\u0105tek: 9.45 &#8211; 14.45","_links":{"self":[{"href":"https:\/\/sp1.imielin.pl\/index.php\/wp-json\/wp\/v2\/pages\/9132","targetHints":{"allow":["GET"]}}],"collection":[{"href":"https:\/\/sp1.imielin.pl\/index.php\/wp-json\/wp\/v2\/pages"}],"about":[{"href":"https:\/\/sp1.imielin.pl\/index.php\/wp-json\/wp\/v2\/types\/page"}],"author":[{"embeddable":true,"href":"https:\/\/sp1.imielin.pl\/index.php\/wp-json\/wp\/v2\/users\/2"}],"replies":[{"embeddable":true,"href":"https:\/\/sp1.imielin.pl\/index.php\/wp-json\/wp\/v2\/comments?post=9132"}],"version-history":[{"count":4,"href":"https:\/\/sp1.imielin.pl\/index.php\/wp-json\/wp\/v2\/pages\/9132\/revisions"}],"predecessor-version":[{"id":27206,"href":"https:\/\/sp1.imielin.pl\/index.php\/wp-json\/wp\/v2\/pages\/9132\/revisions\/27206"}],"wp:attachment":[{"href":"https:\/\/sp1.imielin.pl\/index.php\/wp-json\/wp\/v2\/media?parent=9132"}],"curies":[{"name":"wp","href":"https:\/\/api.w.org\/{rel}","templated":true}]}}